{"id":2873,"date":"2021-09-02T14:36:27","date_gmt":"2021-09-02T14:36:27","guid":{"rendered":"https:\/\/gikavi.com\/producten\/"},"modified":"2025-04-07T14:09:02","modified_gmt":"2025-04-07T14:09:02","slug":"produkte","status":"publish","type":"page","link":"https:\/\/gikavi.com\/de\/produkte\/","title":{"rendered":"Produkte"},"content":{"rendered":"\t\t<div data-elementor-type=\"wp-page\" data-elementor-id=\"2873\" class=\"elementor elementor-2873 elementor-744\" data-elementor-post-type=\"page\">\n\t\t\t\t\t\t<section class=\"elementor-section elementor-top-section elementor-element elementor-element-8483ec4 elementor-section-boxed elementor-section-height-default elementor-section-height-default\" data-id=\"8483ec4\" data-element_type=\"section\" data-settings=\"{&quot;background_background&quot;:&quot;classic&quot;}\">\n\t\t\t\t\t\t<div class=\"elementor-container elementor-column-gap-default\">\n\t\t\t\t\t<div class=\"elementor-column elementor-col-100 elementor-top-column elementor-element elementor-element-2d6d9f2\" data-id=\"2d6d9f2\" data-element_type=\"column\">\n\t\t\t<div class=\"elementor-widget-wrap elementor-element-populated\">\n\t\t\t\t\t\t<div class=\"elementor-element elementor-element-080ece7 elementor-widget elementor-widget-heading\" data-id=\"080ece7\" data-element_type=\"widget\" data-widget_type=\"heading.default\">\n\t\t\t\t<div class=\"elementor-widget-container\">\n\t\t\t<h1 class=\"elementor-heading-title elementor-size-default\">Unsere Produkte<\/h1>\t\t<\/div>\n\t\t\t\t<\/div>\n\t\t\t\t<div class=\"elementor-element elementor-element-018421d elementor-absolute elementor-view-default elementor-widget elementor-widget-icon\" data-id=\"018421d\" data-element_type=\"widget\" data-settings=\"{&quot;_position&quot;:&quot;absolute&quot;}\" data-widget_type=\"icon.default\">\n\t\t\t\t<div class=\"elementor-widget-container\">\n\t\t\t\t\t<div class=\"elementor-icon-wrapper\">\n\t\t\t<div class=\"elementor-icon\">\n\t\t\t<svg xmlns=\"http:\/\/www.w3.org\/2000\/svg\" width=\"613\" height=\"628\" viewBox=\"0 0 613 628\" fill=\"none\"><path fill-rule=\"evenodd\" clip-rule=\"evenodd\" d=\"M612.337 627.13L474.881 0.427795L0 435.576L612.337 627.13Z\" fill=\"#BFD2E5\"><\/path><path fill-rule=\"evenodd\" clip-rule=\"evenodd\" d=\"M483.52 40.4026L99.1669 392.597L135.215 431.936L519.567 79.7418L483.52 40.4026Z\" fill=\"#FAECCD\"><\/path><path fill-rule=\"evenodd\" clip-rule=\"evenodd\" d=\"M505.043 136.467L219.78 397.863L255.828 437.202L541.091 175.807L505.043 136.467Z\" fill=\"#FAECCD\"><\/path><path fill-rule=\"evenodd\" clip-rule=\"evenodd\" d=\"M525.925 233.12L340.393 403.129L376.44 442.468L561.973 272.459L525.925 233.12Z\" fill=\"#FAECCD\"><\/path><\/svg>\t\t\t<\/div>\n\t\t<\/div>\n\t\t\t\t<\/div>\n\t\t\t\t<\/div>\n\t\t\t\t<div class=\"elementor-element elementor-element-3df0b19 elementor-widget elementor-widget-text-editor\" data-id=\"3df0b19\" data-element_type=\"widget\" data-widget_type=\"text-editor.default\">\n\t\t\t\t<div class=\"elementor-widget-container\">\n\t\t\t\t\t\t\t<p><span class=\"TextRun SCXW186826093 BCX0\" lang=\"DE-DE\" xml:lang=\"DE-DE\" data-contrast=\"auto\"><span class=\"NormalTextRun SCXW186826093 BCX0\">Den Vitaminmangel durch Ihre\u00a0<\/span><span class=\"NormalTextRun CommentStart SCXW186826093 BCX0\">Pankreas<\/span><span class=\"NormalTextRun SCXW186826093 BCX0\">-, Speiser\u00f6hren- oder Magenresektion effektiv behandeln? Erg\u00e4nzen Sie Ihre Ern\u00e4hrung t\u00e4glich mit unseren Multi P, G oder E sowie\u00a0<\/span><span class=\"NormalTextRun SCXW186826093 BCX0\">Calcium<\/span><span class=\"NormalTextRun SCXW186826093 BCX0\">&#8211; und Proteinpr\u00e4paraten, die speziell auf Ihre Operation abgestimmt sind. F\u00fcr Vertrauen in Ihren K\u00f6rper und mehr Lebensqualit\u00e4t.<\/span><\/span><\/p>\t\t\t\t\t\t<\/div>\n\t\t\t\t<\/div>\n\t\t\t\t<div class=\"elementor-element elementor-element-75636e9 elementor-widget__width-auto elementor-absolute elementor-view-default elementor-widget elementor-widget-icon\" data-id=\"75636e9\" data-element_type=\"widget\" data-settings=\"{&quot;_position&quot;:&quot;absolute&quot;}\" data-widget_type=\"icon.default\">\n\t\t\t\t<div class=\"elementor-widget-container\">\n\t\t\t\t\t<div class=\"elementor-icon-wrapper\">\n\t\t\t<div class=\"elementor-icon\">\n\t\t\t<svg xmlns=\"http:\/\/www.w3.org\/2000\/svg\" width=\"278\" height=\"133\" viewBox=\"0 0 278 133\" fill=\"none\"><path fill-rule=\"evenodd\" clip-rule=\"evenodd\" d=\"M86.3681 0L32.9069 49.2015L0.44651 19.3281L0 19.809V102.716L32.9069 133L86.3706 83.796L139.834 132.998L193.299 83.7948L246.769 132.996L278 104.258V20.4659L246.769 49.204L193.297 0.00123007L139.834 49.2028L86.3681 0Z\" fill=\"#F5D99B\"><\/path><\/svg>\t\t\t<\/div>\n\t\t<\/div>\n\t\t\t\t<\/div>\n\t\t\t\t<\/div>\n\t\t\t\t<section class=\"elementor-section elementor-inner-section elementor-element elementor-element-bb1018b elementor-section-full_width elementor-section-height-default elementor-section-height-default\" data-id=\"bb1018b\" data-element_type=\"section\">\n\t\t\t\t\t\t<div class=\"elementor-container elementor-column-gap-default\">\n\t\t\t\t\t<div class=\"elementor-column elementor-col-100 elementor-inner-column elementor-element elementor-element-152c4a7\" data-id=\"152c4a7\" data-element_type=\"column\">\n\t\t\t<div class=\"elementor-widget-wrap elementor-element-populated\">\n\t\t\t\t\t\t<div class=\"elementor-element elementor-element-22914ef elementor-widget elementor-widget-gkv-juuls-productsorder\" data-id=\"22914ef\" data-element_type=\"widget\" data-widget_type=\"gkv-juuls-productsorder.default\">\n\t\t\t\t<div class=\"elementor-widget-container\">\n\t\t\t        <div class=\"gkv-jpo\">\n                    <div class=\"gkv-jpo_card\">\n                <img fetchpriority=\"high\" decoding=\"async\" width=\"300\" height=\"300\" src=\"https:\/\/gikavi.com\/app\/uploads\/2021\/10\/V2_Multi-E_Doosje_1000x1000px_GIKAVI-2.png\" class=\"attachment-medium size-medium wp-post-image\" alt=\"multi e supplement\" \/>                <h3>Multi E<\/h3>\n                <p>Zum Di\u00e4tmanagement nach einer <strong>Speiser\u00f6hrenresektion<\/strong>. Enth\u00e4lt unter anderem einen erh\u00f6hten Gehalt an Vitamin A, B1, D3, B12, E, Eisen und Zink.\r\n\r\n<em>Multi E ist ein Lebensmittel f\u00fcr besondere medizinische Zwecke (bilanzierte Di\u00e4t)<\/em><\/p>\n                <a href=\"https:\/\/gikavi.com\/de\/product\/speiseroehren-multi-e\/\">\n                    Treffen Sie Ihre Wahl                <\/a>\n            <\/div>\n                        <div class=\"gkv-jpo_card\">\n                <img decoding=\"async\" width=\"300\" height=\"300\" src=\"https:\/\/gikavi.com\/app\/uploads\/2021\/10\/V2_Multi-G_Doosje_1000x1000px_GIKAVI.png\" class=\"attachment-medium size-medium wp-post-image\" alt=\"multi g supplement\" \/>                <h3>Multi G<\/h3>\n                <p>Zum Di\u00e4tmanagement nach einer <strong>Magenresektion<\/strong>. Enth\u00e4lt unter anderem einen erh\u00f6hten Gehalt an Vitamin A, B1, D3, B12, E, K1, Eisen und Zink.\r\n\r\n<em>Multi G ist ein Lebensmittel f\u00fcr besondere medizinische Zwecke (bilanzierte Di\u00e4t)<\/em><\/p>\n                <a href=\"https:\/\/gikavi.com\/de\/product\/magen-multi-g\/\">\n                    Treffen Sie Ihre Wahl                <\/a>\n            <\/div>\n                    <\/div>\n        \t\t<\/div>\n\t\t\t\t<\/div>\n\t\t\t\t\t<\/div>\n\t\t<\/div>\n\t\t\t\t\t<\/div>\n\t\t<\/section>\n\t\t\t\t<div class=\"elementor-element elementor-element-ab6ed7c elementor-widget elementor-widget-spacer\" data-id=\"ab6ed7c\" data-element_type=\"widget\" data-widget_type=\"spacer.default\">\n\t\t\t\t<div class=\"elementor-widget-container\">\n\t\t\t\t\t<div class=\"elementor-spacer\">\n\t\t\t<div class=\"elementor-spacer-inner\"><\/div>\n\t\t<\/div>\n\t\t\t\t<\/div>\n\t\t\t\t<\/div>\n\t\t\t\t\t<\/div>\n\t\t<\/div>\n\t\t\t\t\t<\/div>\n\t\t<\/section>\n\t\t\t\t<\/div>\n\t\t","protected":false},"excerpt":{"rendered":"<p>Unsere Produkte Den Vitaminmangel durch Ihre\u00a0Pankreas-, Speiser\u00f6hren- oder Magenresektion effektiv behandeln? Erg\u00e4nzen Sie Ihre Ern\u00e4hrung t\u00e4glich mit unseren Multi P, G oder E sowie\u00a0Calcium- und Proteinpr\u00e4paraten, die speziell auf Ihre Operation abgestimmt sind. F\u00fcr Vertrauen in Ihren K\u00f6rper und mehr Lebensqualit\u00e4t. Multi E Zum Di\u00e4tmanagement nach einer Speiser\u00f6hrenresektion. Enth\u00e4lt unter anderem einen erh\u00f6hten Gehalt an&hellip;&nbsp;<a href=\"https:\/\/gikavi.com\/de\/produkte\/\" rel=\"bookmark\">Read More &raquo;<span class=\"screen-reader-text\">Produkte<\/span><\/a><\/p>\n","protected":false},"author":21,"featured_media":8060,"parent":0,"menu_order":0,"comment_status":"closed","ping_status":"closed","template":"page-templates\/template-pagebuilder-full-width.php","meta":{"_acf_changed":false,"neve_meta_sidebar":"","neve_meta_container":"","neve_meta_enable_content_width":"","neve_meta_content_width":0,"neve_meta_title_alignment":"","neve_meta_author_avatar":"","neve_post_elements_order":"","neve_meta_disable_header":"","neve_meta_disable_footer":"","neve_meta_disable_title":"","footnotes":""},"class_list":["post-2873","page","type-page","status-publish","has-post-thumbnail","hentry"],"acf":[],"yoast_head":"<!-- This site is optimized with the Yoast SEO plugin v27.1.1 - https:\/\/yoast.com\/product\/yoast-seo-wordpress\/ -->\n<title>Nahrungserg\u00e4nzung nach Krebs-OP im Verdauungstrakt \/ Gikavi<\/title>\n<meta name=\"description\" content=\"Vorbeugung von Vitamin-\/Mineralstoffmangel (und k\u00f6rperlichen Beschwerden) nach einer Krebs-OP im Verdauungstrakt. Klinisch getestet. \u2192 Jetzt gratis testen\" \/>\n<meta name=\"robots\" content=\"index, follow, max-snippet:-1, max-image-preview:large, max-video-preview:-1\" \/>\n<link rel=\"canonical\" href=\"https:\/\/gikavi.com\/de\/produkte\/\" \/>\n<meta property=\"og:locale\" content=\"de_DE\" \/>\n<meta property=\"og:type\" content=\"article\" \/>\n<meta property=\"og:title\" content=\"Nahrungserg\u00e4nzung nach Krebs-OP im Verdauungstrakt \/ Gikavi\" \/>\n<meta property=\"og:description\" content=\"Vorbeugung von Vitamin-\/Mineralstoffmangel (und k\u00f6rperlichen Beschwerden) nach einer Krebs-OP im Verdauungstrakt. Klinisch getestet. \u2192 Jetzt gratis testen\" \/>\n<meta property=\"og:url\" content=\"https:\/\/gikavi.com\/de\/produkte\/\" \/>\n<meta property=\"og:site_name\" content=\"Gikavi\" \/>\n<meta property=\"article:modified_time\" content=\"2025-04-07T14:09:02+00:00\" \/>\n<meta property=\"og:image\" content=\"https:\/\/gikavi.com\/app\/uploads\/2022\/02\/Multi-P_G_E_supplements.png\" \/>\n\t<meta property=\"og:image:width\" content=\"378\" \/>\n\t<meta property=\"og:image:height\" content=\"378\" \/>\n\t<meta property=\"og:image:type\" content=\"image\/png\" \/>\n<meta name=\"twitter:card\" content=\"summary_large_image\" \/>\n<meta name=\"twitter:label1\" content=\"Est. reading time\" \/>\n\t<meta name=\"twitter:data1\" content=\"2 minutes\" \/>\n<script type=\"application\/ld+json\" class=\"yoast-schema-graph\">{\"@context\":\"https:\/\/schema.org\",\"@graph\":[{\"@type\":\"WebPage\",\"@id\":\"https:\/\/gikavi.com\/de\/produkte\/\",\"url\":\"https:\/\/gikavi.com\/de\/produkte\/\",\"name\":\"Nahrungserg\u00e4nzung nach Krebs-OP im Verdauungstrakt \/ Gikavi\",\"isPartOf\":{\"@id\":\"https:\/\/gikavi.com\/#website\"},\"primaryImageOfPage\":{\"@id\":\"https:\/\/gikavi.com\/de\/produkte\/#primaryimage\"},\"image\":{\"@id\":\"https:\/\/gikavi.com\/de\/produkte\/#primaryimage\"},\"thumbnailUrl\":\"https:\/\/gikavi.com\/app\/uploads\/2022\/02\/Multi-P_G_E_supplements.png\",\"datePublished\":\"2021-09-02T14:36:27+00:00\",\"dateModified\":\"2025-04-07T14:09:02+00:00\",\"description\":\"Vorbeugung von Vitamin-\/Mineralstoffmangel (und k\u00f6rperlichen Beschwerden) nach einer Krebs-OP im Verdauungstrakt. Klinisch getestet. \u2192 Jetzt gratis testen\",\"breadcrumb\":{\"@id\":\"https:\/\/gikavi.com\/de\/produkte\/#breadcrumb\"},\"inLanguage\":\"de-DE\",\"potentialAction\":[{\"@type\":\"ReadAction\",\"target\":[\"https:\/\/gikavi.com\/de\/produkte\/\"]}]},{\"@type\":\"ImageObject\",\"inLanguage\":\"de-DE\",\"@id\":\"https:\/\/gikavi.com\/de\/produkte\/#primaryimage\",\"url\":\"https:\/\/gikavi.com\/app\/uploads\/2022\/02\/Multi-P_G_E_supplements.png\",\"contentUrl\":\"https:\/\/gikavi.com\/app\/uploads\/2022\/02\/Multi-P_G_E_supplements.png\",\"width\":378,\"height\":378,\"caption\":\"Multi P G E supplements\"},{\"@type\":\"BreadcrumbList\",\"@id\":\"https:\/\/gikavi.com\/de\/produkte\/#breadcrumb\",\"itemListElement\":[{\"@type\":\"ListItem\",\"position\":1,\"name\":\"Home\",\"item\":\"https:\/\/gikavi.com\/nl\/\"},{\"@type\":\"ListItem\",\"position\":2,\"name\":\"Produkte\"}]},{\"@type\":\"WebSite\",\"@id\":\"https:\/\/gikavi.com\/#website\",\"url\":\"https:\/\/gikavi.com\/\",\"name\":\"Gikavi\",\"description\":\"Supportive Supplements\",\"publisher\":{\"@id\":\"https:\/\/gikavi.com\/#organization\"},\"potentialAction\":[{\"@type\":\"SearchAction\",\"target\":{\"@type\":\"EntryPoint\",\"urlTemplate\":\"https:\/\/gikavi.com\/?s={search_term_string}\"},\"query-input\":{\"@type\":\"PropertyValueSpecification\",\"valueRequired\":true,\"valueName\":\"search_term_string\"}}],\"inLanguage\":\"de-DE\"},{\"@type\":\"Organization\",\"@id\":\"https:\/\/gikavi.com\/#organization\",\"name\":\"Gikavi\",\"url\":\"https:\/\/gikavi.com\/\",\"logo\":{\"@type\":\"ImageObject\",\"inLanguage\":\"de-DE\",\"@id\":\"https:\/\/gikavi.com\/#\/schema\/logo\/image\/\",\"url\":\"https:\/\/gikavi.com\/app\/uploads\/2021\/09\/Gikavi_Logo_BLACK.png\",\"contentUrl\":\"https:\/\/gikavi.com\/app\/uploads\/2021\/09\/Gikavi_Logo_BLACK.png\",\"width\":2592,\"height\":1053,\"caption\":\"Gikavi\"},\"image\":{\"@id\":\"https:\/\/gikavi.com\/#\/schema\/logo\/image\/\"}}]}<\/script>\n<!-- \/ Yoast SEO plugin. -->","yoast_head_json":{"title":"Nahrungserg\u00e4nzung nach Krebs-OP im Verdauungstrakt \/ Gikavi","description":"Vorbeugung von Vitamin-\/Mineralstoffmangel (und k\u00f6rperlichen Beschwerden) nach einer Krebs-OP im Verdauungstrakt. Klinisch getestet. \u2192 Jetzt gratis testen","robots":{"index":"index","follow":"follow","max-snippet":"max-snippet:-1","max-image-preview":"max-image-preview:large","max-video-preview":"max-video-preview:-1"},"canonical":"https:\/\/gikavi.com\/de\/produkte\/","og_locale":"de_DE","og_type":"article","og_title":"Nahrungserg\u00e4nzung nach Krebs-OP im Verdauungstrakt \/ Gikavi","og_description":"Vorbeugung von Vitamin-\/Mineralstoffmangel (und k\u00f6rperlichen Beschwerden) nach einer Krebs-OP im Verdauungstrakt. Klinisch getestet. \u2192 Jetzt gratis testen","og_url":"https:\/\/gikavi.com\/de\/produkte\/","og_site_name":"Gikavi","article_modified_time":"2025-04-07T14:09:02+00:00","og_image":[{"width":378,"height":378,"url":"https:\/\/gikavi.com\/app\/uploads\/2022\/02\/Multi-P_G_E_supplements.png","type":"image\/png"}],"twitter_card":"summary_large_image","twitter_misc":{"Est. reading time":"2 minutes"},"schema":{"@context":"https:\/\/schema.org","@graph":[{"@type":"WebPage","@id":"https:\/\/gikavi.com\/de\/produkte\/","url":"https:\/\/gikavi.com\/de\/produkte\/","name":"Nahrungserg\u00e4nzung nach Krebs-OP im Verdauungstrakt \/ Gikavi","isPartOf":{"@id":"https:\/\/gikavi.com\/#website"},"primaryImageOfPage":{"@id":"https:\/\/gikavi.com\/de\/produkte\/#primaryimage"},"image":{"@id":"https:\/\/gikavi.com\/de\/produkte\/#primaryimage"},"thumbnailUrl":"https:\/\/gikavi.com\/app\/uploads\/2022\/02\/Multi-P_G_E_supplements.png","datePublished":"2021-09-02T14:36:27+00:00","dateModified":"2025-04-07T14:09:02+00:00","description":"Vorbeugung von Vitamin-\/Mineralstoffmangel (und k\u00f6rperlichen Beschwerden) nach einer Krebs-OP im Verdauungstrakt. Klinisch getestet. \u2192 Jetzt gratis testen","breadcrumb":{"@id":"https:\/\/gikavi.com\/de\/produkte\/#breadcrumb"},"inLanguage":"de-DE","potentialAction":[{"@type":"ReadAction","target":["https:\/\/gikavi.com\/de\/produkte\/"]}]},{"@type":"ImageObject","inLanguage":"de-DE","@id":"https:\/\/gikavi.com\/de\/produkte\/#primaryimage","url":"https:\/\/gikavi.com\/app\/uploads\/2022\/02\/Multi-P_G_E_supplements.png","contentUrl":"https:\/\/gikavi.com\/app\/uploads\/2022\/02\/Multi-P_G_E_supplements.png","width":378,"height":378,"caption":"Multi P G E supplements"},{"@type":"BreadcrumbList","@id":"https:\/\/gikavi.com\/de\/produkte\/#breadcrumb","itemListElement":[{"@type":"ListItem","position":1,"name":"Home","item":"https:\/\/gikavi.com\/nl\/"},{"@type":"ListItem","position":2,"name":"Produkte"}]},{"@type":"WebSite","@id":"https:\/\/gikavi.com\/#website","url":"https:\/\/gikavi.com\/","name":"Gikavi","description":"Supportive Supplements","publisher":{"@id":"https:\/\/gikavi.com\/#organization"},"potentialAction":[{"@type":"SearchAction","target":{"@type":"EntryPoint","urlTemplate":"https:\/\/gikavi.com\/?s={search_term_string}"},"query-input":{"@type":"PropertyValueSpecification","valueRequired":true,"valueName":"search_term_string"}}],"inLanguage":"de-DE"},{"@type":"Organization","@id":"https:\/\/gikavi.com\/#organization","name":"Gikavi","url":"https:\/\/gikavi.com\/","logo":{"@type":"ImageObject","inLanguage":"de-DE","@id":"https:\/\/gikavi.com\/#\/schema\/logo\/image\/","url":"https:\/\/gikavi.com\/app\/uploads\/2021\/09\/Gikavi_Logo_BLACK.png","contentUrl":"https:\/\/gikavi.com\/app\/uploads\/2021\/09\/Gikavi_Logo_BLACK.png","width":2592,"height":1053,"caption":"Gikavi"},"image":{"@id":"https:\/\/gikavi.com\/#\/schema\/logo\/image\/"}}]}},"_links":{"self":[{"href":"https:\/\/gikavi.com\/de\/wp-json\/wp\/v2\/pages\/2873","targetHints":{"allow":["GET"]}}],"collection":[{"href":"https:\/\/gikavi.com\/de\/wp-json\/wp\/v2\/pages"}],"about":[{"href":"https:\/\/gikavi.com\/de\/wp-json\/wp\/v2\/types\/page"}],"author":[{"embeddable":true,"href":"https:\/\/gikavi.com\/de\/wp-json\/wp\/v2\/users\/21"}],"replies":[{"embeddable":true,"href":"https:\/\/gikavi.com\/de\/wp-json\/wp\/v2\/comments?post=2873"}],"version-history":[{"count":3,"href":"https:\/\/gikavi.com\/de\/wp-json\/wp\/v2\/pages\/2873\/revisions"}],"predecessor-version":[{"id":11583,"href":"https:\/\/gikavi.com\/de\/wp-json\/wp\/v2\/pages\/2873\/revisions\/11583"}],"wp:featuredmedia":[{"embeddable":true,"href":"https:\/\/gikavi.com\/de\/wp-json\/wp\/v2\/media\/8060"}],"wp:attachment":[{"href":"https:\/\/gikavi.com\/de\/wp-json\/wp\/v2\/media?parent=2873"}],"curies":[{"name":"wp","href":"https:\/\/api.w.org\/{rel}","templated":true}]}}