{"id":2910,"date":"2021-10-20T13:36:35","date_gmt":"2021-10-20T13:36:35","guid":{"rendered":"https:\/\/gikavi.com\/voor-professionals\/"},"modified":"2022-09-23T08:04:10","modified_gmt":"2022-09-23T08:04:10","slug":"fur-experten","status":"publish","type":"page","link":"https:\/\/gikavi.com\/de\/fur-experten\/","title":{"rendered":"F\u00fcr Experten"},"content":{"rendered":"\t\t<div data-elementor-type=\"wp-page\" data-elementor-id=\"2910\" class=\"elementor elementor-2910 elementor-1695\" data-elementor-post-type=\"page\">\n\t\t\t\t\t\t<section class=\"elementor-section elementor-top-section elementor-element elementor-element-7ff8ade9 elementor-section-boxed elementor-section-height-default elementor-section-height-default\" data-id=\"7ff8ade9\" data-element_type=\"section\" data-settings=\"{&quot;background_background&quot;:&quot;classic&quot;}\">\n\t\t\t\t\t\t<div class=\"elementor-container elementor-column-gap-default\">\n\t\t\t\t\t<div class=\"elementor-column elementor-col-100 elementor-top-column elementor-element elementor-element-1c6c263b\" data-id=\"1c6c263b\" data-element_type=\"column\">\n\t\t\t<div class=\"elementor-widget-wrap elementor-element-populated\">\n\t\t\t\t\t\t<div class=\"elementor-element elementor-element-590b5e0c elementor-widget elementor-widget-heading\" data-id=\"590b5e0c\" data-element_type=\"widget\" data-widget_type=\"heading.default\">\n\t\t\t\t<div class=\"elementor-widget-container\">\n\t\t\t<h2 class=\"elementor-heading-title elementor-size-default\">Informationen f\u00fcr medizinisches Fachpersonal<\/h2>\t\t<\/div>\n\t\t\t\t<\/div>\n\t\t\t\t<div class=\"elementor-element elementor-element-383d86dd elementor-widget elementor-widget-text-editor\" data-id=\"383d86dd\" data-element_type=\"widget\" data-widget_type=\"text-editor.default\">\n\t\t\t\t<div class=\"elementor-widget-container\">\n\t\t\t\t\t\t\t<p>Die Gesundheit Ihrer Patienten hat f\u00fcr uns oberste Priorit\u00e4t. Deshalb haben wir f\u00fcr Patienten, die am Verdauungstrakt operiert wurden, ma\u00dfgeschneiderte Nahrungserg\u00e4nzungsmittel entwickelt. Basierend auf den <a href=\"https:\/\/gikavi.com\/de\/fur-experten\/scientific-research-overview\/\">neuesten wissenschaftlichen Erkenntnissen.<\/a><\/p>\n<p><span class=\"NormalTextRun SCXW46977584 BCX0\">Sie arbeiten als medizinisches Fachpersonal und m\u00f6chten <strong>mehr Informationen \u00fcber&nbsp;<\/strong><\/span><strong><span class=\"SpellingError SCXW46977584 BCX0\">Gikavi<\/span><\/strong><span class=\"NormalTextRun SCXW46977584 BCX0\"><strong>?<\/strong> Unsere Produktspezialisten erz\u00e4hlen Ihnen gerne alle Details.<strong> F\u00fcllen Sie das untenstehende Formular aus<\/strong> und wir werden uns so schnell wie m\u00f6glich mit Ihnen in Verbindung setzen.<\/span><\/p>\t\t\t\t\t\t<\/div>\n\t\t\t\t<\/div>\n\t\t\t\t<div class=\"elementor-element elementor-element-4d5f1368 elementor-widget elementor-widget-heading\" data-id=\"4d5f1368\" data-element_type=\"widget\" data-widget_type=\"heading.default\">\n\t\t\t\t<div class=\"elementor-widget-container\">\n\t\t\t<h3 class=\"elementor-heading-title elementor-size-default\">Nehmen Sie Kontakt auf<\/h3>\t\t<\/div>\n\t\t\t\t<\/div>\n\t\t\t\t<div class=\"elementor-element elementor-element-66c8fd5a elementor-button-align-center gkv-cstm_form elementor-widget elementor-widget-form\" data-id=\"66c8fd5a\" data-element_type=\"widget\" data-settings=\"{&quot;step_next_label&quot;:&quot;Volgende&quot;,&quot;step_previous_label&quot;:&quot;Vorige&quot;,&quot;button_width&quot;:&quot;100&quot;,&quot;step_type&quot;:&quot;number_text&quot;,&quot;step_icon_shape&quot;:&quot;circle&quot;}\" data-widget_type=\"form.default\">\n\t\t\t\t<div class=\"elementor-widget-container\">\n\t\t\t\t\t<form class=\"elementor-form\" method=\"post\" name=\"Klantenservice\">\n\t\t\t<input type=\"hidden\" name=\"post_id\" value=\"2910\"\/>\n\t\t\t<input type=\"hidden\" name=\"form_id\" value=\"66c8fd5a\"\/>\n\t\t\t<input type=\"hidden\" name=\"referer_title\" value=\"Gikavi\" \/>\n\n\t\t\t\n\t\t\t<div class=\"elementor-form-fields-wrapper elementor-labels-above\">\n\t\t\t\t\t\t\t\t<div class=\"elementor-field-type-text elementor-field-group elementor-column elementor-field-group-name elementor-col-100 elementor-field-required\">\n\t\t\t\t\t\t\t\t\t\t\t\t<label for=\"form-field-name\" class=\"elementor-field-label\">\n\t\t\t\t\t\t\t\tName\t\t\t\t\t\t\t<\/label>\n\t\t\t\t\t\t\t\t\t\t\t\t\t\t<input size=\"1\" type=\"text\" name=\"form_fields[name]\" id=\"form-field-name\" class=\"elementor-field elementor-size-sm  elementor-field-textual\" placeholder=\"Vorname und Nachname\" required=\"required\" aria-required=\"true\">\n\t\t\t\t\t\t\t\t\t\t\t<\/div>\n\t\t\t\t\t\t\t\t<div class=\"elementor-field-type-email elementor-field-group elementor-column elementor-field-group-email elementor-col-100 elementor-field-required\">\n\t\t\t\t\t\t\t\t\t\t\t\t<label for=\"form-field-email\" class=\"elementor-field-label\">\n\t\t\t\t\t\t\t\t E-Mail-Addresse\t\t\t\t\t\t\t<\/label>\n\t\t\t\t\t\t\t\t\t\t\t\t\t\t<input size=\"1\" type=\"email\" name=\"form_fields[email]\" id=\"form-field-email\" class=\"elementor-field elementor-size-sm  elementor-field-textual\" placeholder=\"email@adres.com\" required=\"required\" aria-required=\"true\">\n\t\t\t\t\t\t\t\t\t\t\t<\/div>\n\t\t\t\t\t\t\t\t<div class=\"elementor-field-type-text elementor-field-group elementor-column elementor-field-group-field_b5ac664 elementor-col-100\">\n\t\t\t\t\t\t\t\t\t\t\t\t<label for=\"form-field-field_b5ac664\" class=\"elementor-field-label\">\n\t\t\t\t\t\t\t\tTelefon\t\t\t\t\t\t\t<\/label>\n\t\t\t\t\t\t\t\t\t\t\t\t\t\t<input size=\"1\" type=\"text\" name=\"form_fields[field_b5ac664]\" id=\"form-field-field_b5ac664\" class=\"elementor-field elementor-size-sm  elementor-field-textual\" placeholder=\"XX - XX XX XX XX\">\n\t\t\t\t\t\t\t\t\t\t\t<\/div>\n\t\t\t\t\t\t\t\t<div class=\"elementor-field-type-text elementor-field-group elementor-column elementor-field-group-field_a85e9c2 elementor-col-100 elementor-field-required\">\n\t\t\t\t\t\t\t\t\t\t\t\t<label for=\"form-field-field_a85e9c2\" class=\"elementor-field-label\">\n\t\t\t\t\t\t\t\tLand\t\t\t\t\t\t\t<\/label>\n\t\t\t\t\t\t\t\t\t\t\t\t\t\t<input size=\"1\" type=\"text\" name=\"form_fields[field_a85e9c2]\" id=\"form-field-field_a85e9c2\" class=\"elementor-field elementor-size-sm  elementor-field-textual\" placeholder=\"In welchem \u200b\u200bLand Lebst du?\" required=\"required\" aria-required=\"true\">\n\t\t\t\t\t\t\t\t\t\t\t<\/div>\n\t\t\t\t\t\t\t\t<div class=\"elementor-field-type-text elementor-field-group elementor-column elementor-field-group-field_0796f58 elementor-col-100 elementor-field-required\">\n\t\t\t\t\t\t\t\t\t\t\t\t<label for=\"form-field-field_0796f58\" class=\"elementor-field-label\">\n\t\t\t\t\t\t\t\tBetreff\t\t\t\t\t\t\t<\/label>\n\t\t\t\t\t\t\t\t\t\t\t\t\t\t<input size=\"1\" type=\"text\" name=\"form_fields[field_0796f58]\" id=\"form-field-field_0796f58\" class=\"elementor-field elementor-size-sm  elementor-field-textual\" placeholder=\"Betreff\" required=\"required\" aria-required=\"true\">\n\t\t\t\t\t\t\t\t\t\t\t<\/div>\n\t\t\t\t\t\t\t\t<div class=\"elementor-field-type-textarea elementor-field-group elementor-column elementor-field-group-message elementor-col-100\">\n\t\t\t\t\t\t\t\t\t\t\t\t<label for=\"form-field-message\" class=\"elementor-field-label\">\n\t\t\t\t\t\t\t\tNachricht und\/oder Wunschtermin f\u00fcr das Beratungsgespr\u00e4ch\t\t\t\t\t\t\t<\/label>\n\t\t\t\t\t\t<textarea class=\"elementor-field-textual elementor-field  elementor-size-sm\" name=\"form_fields[message]\" id=\"form-field-message\" rows=\"5\" placeholder=\"Eingabefeld\"><\/textarea>\t\t\t\t<\/div>\n\t\t\t\t\t\t\t\t<div class=\"elementor-field-group elementor-column elementor-field-type-submit elementor-col-100 e-form__buttons\">\n\t\t\t\t\t<button type=\"submit\" class=\"elementor-button elementor-size-lg\">\n\t\t\t\t\t\t<span >\n\t\t\t\t\t\t\t\t\t\t\t\t\t\t\t<span class=\" elementor-button-icon\">\n\t\t\t\t\t\t\t\t\t\t\t\t\t\t\t\t\t\t\t\t\t\t\t\t\t\t<\/span>\n\t\t\t\t\t\t\t\t\t\t\t\t\t\t\t\t\t\t\t\t\t\t<span class=\"elementor-button-text\">Senden<\/span>\n\t\t\t\t\t\t\t\t\t\t\t\t\t<\/span>\n\t\t\t\t\t<\/button>\n\t\t\t\t<\/div>\n\t\t\t<\/div>\n\t\t<\/form>\n\t\t\t\t<\/div>\n\t\t\t\t<\/div>\n\t\t\t\t<section class=\"elementor-section elementor-inner-section elementor-element elementor-element-2818b61c elementor-section-full_width elementor-section-height-default elementor-section-height-default\" data-id=\"2818b61c\" data-element_type=\"section\">\n\t\t\t\t\t\t<div class=\"elementor-container elementor-column-gap-default\">\n\t\t\t\t\t<div class=\"elementor-column elementor-col-50 elementor-inner-column elementor-element elementor-element-73b4ff98\" data-id=\"73b4ff98\" data-element_type=\"column\">\n\t\t\t<div class=\"elementor-widget-wrap elementor-element-populated\">\n\t\t\t\t\t\t<div class=\"elementor-element elementor-element-3fd26c4f elementor-widget elementor-widget-heading\" data-id=\"3fd26c4f\" data-element_type=\"widget\" data-widget_type=\"heading.default\">\n\t\t\t\t<div class=\"elementor-widget-container\">\n\t\t\t<h3 class=\"elementor-heading-title elementor-size-default\">Lieber anrufen?\u200b<\/h3>\t\t<\/div>\n\t\t\t\t<\/div>\n\t\t\t\t<div class=\"elementor-element elementor-element-79424e86 elementor-widget elementor-widget-text-editor\" data-id=\"79424e86\" data-element_type=\"widget\" data-widget_type=\"text-editor.default\">\n\t\t\t\t<div class=\"elementor-widget-container\">\n\t\t\t\t\t\t\t<p><strong><span class=\"TextRun BCX0 SCXW14464928\" lang=\"DE-DE\" xml:lang=\"DE-DE\" data-contrast=\"auto\"><span class=\"NormalTextRun BCX0 SCXW14464928\">Telefon:\u00a0<\/span><\/span><\/strong>0049 30 837 95 097<span class=\"Apple-converted-space\"><br \/><\/span><strong><span class=\"TextRun SCXW194966412 BCX0\" lang=\"DE-DE\" xml:lang=\"DE-DE\" data-contrast=\"auto\"><span class=\"NormalTextRun SCXW194966412 BCX0\">Verf\u00fcgbar: <\/span><\/span><\/strong><span class=\"TextRun SCXW194966412 BCX0\" lang=\"DE-DE\" xml:lang=\"DE-DE\" data-contrast=\"auto\"><span class=\"NormalTextRun SCXW194966412 BCX0\">Montag bis Freitag, von 09:00 bis 12:00 Uhr<\/span><\/span><span class=\"EOP SCXW194966412 BCX0\" data-ccp-props=\"{}\">\u00a0<\/span><\/p>\t\t\t\t\t\t<\/div>\n\t\t\t\t<\/div>\n\t\t\t\t\t<\/div>\n\t\t<\/div>\n\t\t\t\t<div class=\"elementor-column elementor-col-50 elementor-inner-column elementor-element elementor-element-2782be2b\" data-id=\"2782be2b\" data-element_type=\"column\">\n\t\t\t<div class=\"elementor-widget-wrap elementor-element-populated\">\n\t\t\t\t\t\t<div class=\"elementor-element elementor-element-ed56867 elementor-widget elementor-widget-image\" data-id=\"ed56867\" data-element_type=\"widget\" data-widget_type=\"image.default\">\n\t\t\t\t<div class=\"elementor-widget-container\">\n\t\t\t\t\t\t\t\t\t\t\t\t\t<img fetchpriority=\"high\" decoding=\"async\" width=\"396\" height=\"396\" src=\"https:\/\/gikavi.com\/app\/uploads\/2022\/02\/man_Gikavi_supplements.png\" class=\"attachment-large size-large wp-image-8048\" alt=\"man Gikavi\" \/>\t\t\t\t\t\t\t\t\t\t\t\t\t<\/div>\n\t\t\t\t<\/div>\n\t\t\t\t\t<\/div>\n\t\t<\/div>\n\t\t\t\t\t<\/div>\n\t\t<\/section>\n\t\t\t\t\t<\/div>\n\t\t<\/div>\n\t\t\t\t\t<\/div>\n\t\t<\/section>\n\t\t\t\t<\/div>\n\t\t","protected":false},"excerpt":{"rendered":"<p>Informationen f\u00fcr medizinisches Fachpersonal Die Gesundheit Ihrer Patienten hat f\u00fcr uns oberste Priorit\u00e4t. Deshalb haben wir f\u00fcr Patienten, die am Verdauungstrakt operiert wurden, ma\u00dfgeschneiderte Nahrungserg\u00e4nzungsmittel entwickelt. Basierend auf den neuesten wissenschaftlichen Erkenntnissen. Sie arbeiten als medizinisches Fachpersonal und m\u00f6chten mehr Informationen \u00fcber&nbsp;Gikavi? Unsere Produktspezialisten erz\u00e4hlen Ihnen gerne alle Details. F\u00fcllen Sie das untenstehende Formular aus&hellip;&nbsp;<a href=\"https:\/\/gikavi.com\/de\/fur-experten\/\" rel=\"bookmark\">Read More &raquo;<span class=\"screen-reader-text\">F\u00fcr Experten<\/span><\/a><\/p>\n","protected":false},"author":21,"featured_media":0,"parent":0,"menu_order":0,"comment_status":"closed","ping_status":"closed","template":"page-templates\/template-pagebuilder-full-width.php","meta":{"_acf_changed":false,"neve_meta_sidebar":"","neve_meta_container":"","neve_meta_enable_content_width":"","neve_meta_content_width":0,"neve_meta_title_alignment":"","neve_meta_author_avatar":"","neve_post_elements_order":"","neve_meta_disable_header":"","neve_meta_disable_footer":"","neve_meta_disable_title":"","footnotes":""},"class_list":["post-2910","page","type-page","status-publish","hentry"],"acf":[],"yoast_head":"<!-- This site is optimized with the Yoast SEO plugin v27.1.1 - https:\/\/yoast.com\/product\/yoast-seo-wordpress\/ -->\n<title>Informationen f\u00fcr medizinisches Fachpersonal | Gikavi<\/title>\n<meta name=\"description\" content=\"Sie sind medizinisches Fachpersonal und m\u00f6chten mehr \u00fcber Gikavi erfahren? Unsere Produktspezialisten m\u00f6chten Ihnen gerne mehr erz\u00e4hlen.\" \/>\n<meta name=\"robots\" content=\"index, follow, max-snippet:-1, max-image-preview:large, max-video-preview:-1\" \/>\n<link rel=\"canonical\" href=\"https:\/\/gikavi.com\/de\/fur-experten\/\" \/>\n<meta property=\"og:locale\" content=\"de_DE\" \/>\n<meta property=\"og:type\" content=\"article\" \/>\n<meta property=\"og:title\" content=\"Informationen f\u00fcr medizinisches Fachpersonal | Gikavi\" \/>\n<meta property=\"og:description\" content=\"Sie sind medizinisches Fachpersonal und m\u00f6chten mehr \u00fcber Gikavi erfahren? Unsere Produktspezialisten m\u00f6chten Ihnen gerne mehr erz\u00e4hlen.\" \/>\n<meta property=\"og:url\" content=\"https:\/\/gikavi.com\/de\/fur-experten\/\" \/>\n<meta property=\"og:site_name\" content=\"Gikavi\" \/>\n<meta property=\"article:modified_time\" content=\"2022-09-23T08:04:10+00:00\" \/>\n<meta property=\"og:image\" content=\"https:\/\/gikavi.com\/app\/uploads\/2022\/02\/man_Gikavi_supplements.png\" \/>\n<meta name=\"twitter:card\" content=\"summary_large_image\" \/>\n<meta name=\"twitter:label1\" content=\"Est. reading time\" \/>\n\t<meta name=\"twitter:data1\" content=\"1 minute\" \/>\n<script type=\"application\/ld+json\" class=\"yoast-schema-graph\">{\"@context\":\"https:\/\/schema.org\",\"@graph\":[{\"@type\":\"WebPage\",\"@id\":\"https:\/\/gikavi.com\/de\/fur-experten\/\",\"url\":\"https:\/\/gikavi.com\/de\/fur-experten\/\",\"name\":\"Informationen f\u00fcr medizinisches Fachpersonal | Gikavi\",\"isPartOf\":{\"@id\":\"https:\/\/gikavi.com\/#website\"},\"primaryImageOfPage\":{\"@id\":\"https:\/\/gikavi.com\/de\/fur-experten\/#primaryimage\"},\"image\":{\"@id\":\"https:\/\/gikavi.com\/de\/fur-experten\/#primaryimage\"},\"thumbnailUrl\":\"https:\/\/gikavi.com\/app\/uploads\/2022\/02\/man_Gikavi_supplements.png\",\"datePublished\":\"2021-10-20T13:36:35+00:00\",\"dateModified\":\"2022-09-23T08:04:10+00:00\",\"description\":\"Sie sind medizinisches Fachpersonal und m\u00f6chten mehr \u00fcber Gikavi erfahren? Unsere Produktspezialisten m\u00f6chten Ihnen gerne mehr erz\u00e4hlen.\",\"breadcrumb\":{\"@id\":\"https:\/\/gikavi.com\/de\/fur-experten\/#breadcrumb\"},\"inLanguage\":\"de-DE\",\"potentialAction\":[{\"@type\":\"ReadAction\",\"target\":[\"https:\/\/gikavi.com\/de\/fur-experten\/\"]}]},{\"@type\":\"ImageObject\",\"inLanguage\":\"de-DE\",\"@id\":\"https:\/\/gikavi.com\/de\/fur-experten\/#primaryimage\",\"url\":\"https:\/\/gikavi.com\/app\/uploads\/2022\/02\/man_Gikavi_supplements.png\",\"contentUrl\":\"https:\/\/gikavi.com\/app\/uploads\/2022\/02\/man_Gikavi_supplements.png\"},{\"@type\":\"BreadcrumbList\",\"@id\":\"https:\/\/gikavi.com\/de\/fur-experten\/#breadcrumb\",\"itemListElement\":[{\"@type\":\"ListItem\",\"position\":1,\"name\":\"Home\",\"item\":\"https:\/\/gikavi.com\/nl\/\"},{\"@type\":\"ListItem\",\"position\":2,\"name\":\"F\u00fcr Experten\"}]},{\"@type\":\"WebSite\",\"@id\":\"https:\/\/gikavi.com\/#website\",\"url\":\"https:\/\/gikavi.com\/\",\"name\":\"Gikavi\",\"description\":\"Supportive Supplements\",\"publisher\":{\"@id\":\"https:\/\/gikavi.com\/#organization\"},\"potentialAction\":[{\"@type\":\"SearchAction\",\"target\":{\"@type\":\"EntryPoint\",\"urlTemplate\":\"https:\/\/gikavi.com\/?s={search_term_string}\"},\"query-input\":{\"@type\":\"PropertyValueSpecification\",\"valueRequired\":true,\"valueName\":\"search_term_string\"}}],\"inLanguage\":\"de-DE\"},{\"@type\":\"Organization\",\"@id\":\"https:\/\/gikavi.com\/#organization\",\"name\":\"Gikavi\",\"url\":\"https:\/\/gikavi.com\/\",\"logo\":{\"@type\":\"ImageObject\",\"inLanguage\":\"de-DE\",\"@id\":\"https:\/\/gikavi.com\/#\/schema\/logo\/image\/\",\"url\":\"https:\/\/gikavi.com\/app\/uploads\/2021\/09\/Gikavi_Logo_BLACK.png\",\"contentUrl\":\"https:\/\/gikavi.com\/app\/uploads\/2021\/09\/Gikavi_Logo_BLACK.png\",\"width\":2592,\"height\":1053,\"caption\":\"Gikavi\"},\"image\":{\"@id\":\"https:\/\/gikavi.com\/#\/schema\/logo\/image\/\"}}]}<\/script>\n<!-- \/ Yoast SEO plugin. -->","yoast_head_json":{"title":"Informationen f\u00fcr medizinisches Fachpersonal | Gikavi","description":"Sie sind medizinisches Fachpersonal und m\u00f6chten mehr \u00fcber Gikavi erfahren? Unsere Produktspezialisten m\u00f6chten Ihnen gerne mehr erz\u00e4hlen.","robots":{"index":"index","follow":"follow","max-snippet":"max-snippet:-1","max-image-preview":"max-image-preview:large","max-video-preview":"max-video-preview:-1"},"canonical":"https:\/\/gikavi.com\/de\/fur-experten\/","og_locale":"de_DE","og_type":"article","og_title":"Informationen f\u00fcr medizinisches Fachpersonal | Gikavi","og_description":"Sie sind medizinisches Fachpersonal und m\u00f6chten mehr \u00fcber Gikavi erfahren? Unsere Produktspezialisten m\u00f6chten Ihnen gerne mehr erz\u00e4hlen.","og_url":"https:\/\/gikavi.com\/de\/fur-experten\/","og_site_name":"Gikavi","article_modified_time":"2022-09-23T08:04:10+00:00","og_image":[{"url":"https:\/\/gikavi.com\/app\/uploads\/2022\/02\/man_Gikavi_supplements.png","type":"","width":"","height":""}],"twitter_card":"summary_large_image","twitter_misc":{"Est. reading time":"1 minute"},"schema":{"@context":"https:\/\/schema.org","@graph":[{"@type":"WebPage","@id":"https:\/\/gikavi.com\/de\/fur-experten\/","url":"https:\/\/gikavi.com\/de\/fur-experten\/","name":"Informationen f\u00fcr medizinisches Fachpersonal | Gikavi","isPartOf":{"@id":"https:\/\/gikavi.com\/#website"},"primaryImageOfPage":{"@id":"https:\/\/gikavi.com\/de\/fur-experten\/#primaryimage"},"image":{"@id":"https:\/\/gikavi.com\/de\/fur-experten\/#primaryimage"},"thumbnailUrl":"https:\/\/gikavi.com\/app\/uploads\/2022\/02\/man_Gikavi_supplements.png","datePublished":"2021-10-20T13:36:35+00:00","dateModified":"2022-09-23T08:04:10+00:00","description":"Sie sind medizinisches Fachpersonal und m\u00f6chten mehr \u00fcber Gikavi erfahren? Unsere Produktspezialisten m\u00f6chten Ihnen gerne mehr erz\u00e4hlen.","breadcrumb":{"@id":"https:\/\/gikavi.com\/de\/fur-experten\/#breadcrumb"},"inLanguage":"de-DE","potentialAction":[{"@type":"ReadAction","target":["https:\/\/gikavi.com\/de\/fur-experten\/"]}]},{"@type":"ImageObject","inLanguage":"de-DE","@id":"https:\/\/gikavi.com\/de\/fur-experten\/#primaryimage","url":"https:\/\/gikavi.com\/app\/uploads\/2022\/02\/man_Gikavi_supplements.png","contentUrl":"https:\/\/gikavi.com\/app\/uploads\/2022\/02\/man_Gikavi_supplements.png"},{"@type":"BreadcrumbList","@id":"https:\/\/gikavi.com\/de\/fur-experten\/#breadcrumb","itemListElement":[{"@type":"ListItem","position":1,"name":"Home","item":"https:\/\/gikavi.com\/nl\/"},{"@type":"ListItem","position":2,"name":"F\u00fcr Experten"}]},{"@type":"WebSite","@id":"https:\/\/gikavi.com\/#website","url":"https:\/\/gikavi.com\/","name":"Gikavi","description":"Supportive Supplements","publisher":{"@id":"https:\/\/gikavi.com\/#organization"},"potentialAction":[{"@type":"SearchAction","target":{"@type":"EntryPoint","urlTemplate":"https:\/\/gikavi.com\/?s={search_term_string}"},"query-input":{"@type":"PropertyValueSpecification","valueRequired":true,"valueName":"search_term_string"}}],"inLanguage":"de-DE"},{"@type":"Organization","@id":"https:\/\/gikavi.com\/#organization","name":"Gikavi","url":"https:\/\/gikavi.com\/","logo":{"@type":"ImageObject","inLanguage":"de-DE","@id":"https:\/\/gikavi.com\/#\/schema\/logo\/image\/","url":"https:\/\/gikavi.com\/app\/uploads\/2021\/09\/Gikavi_Logo_BLACK.png","contentUrl":"https:\/\/gikavi.com\/app\/uploads\/2021\/09\/Gikavi_Logo_BLACK.png","width":2592,"height":1053,"caption":"Gikavi"},"image":{"@id":"https:\/\/gikavi.com\/#\/schema\/logo\/image\/"}}]}},"_links":{"self":[{"href":"https:\/\/gikavi.com\/de\/wp-json\/wp\/v2\/pages\/2910","targetHints":{"allow":["GET"]}}],"collection":[{"href":"https:\/\/gikavi.com\/de\/wp-json\/wp\/v2\/pages"}],"about":[{"href":"https:\/\/gikavi.com\/de\/wp-json\/wp\/v2\/types\/page"}],"author":[{"embeddable":true,"href":"https:\/\/gikavi.com\/de\/wp-json\/wp\/v2\/users\/21"}],"replies":[{"embeddable":true,"href":"https:\/\/gikavi.com\/de\/wp-json\/wp\/v2\/comments?post=2910"}],"version-history":[{"count":0,"href":"https:\/\/gikavi.com\/de\/wp-json\/wp\/v2\/pages\/2910\/revisions"}],"wp:attachment":[{"href":"https:\/\/gikavi.com\/de\/wp-json\/wp\/v2\/media?parent=2910"}],"curies":[{"name":"wp","href":"https:\/\/api.w.org\/{rel}","templated":true}]}}