{"id":2913,"date":"2021-10-20T12:58:37","date_gmt":"2021-10-20T12:58:37","guid":{"rendered":"https:\/\/gikavi.com\/klantenservice\/"},"modified":"2025-12-10T09:38:00","modified_gmt":"2025-12-10T09:38:00","slug":"kundendienst","status":"publish","type":"page","link":"https:\/\/gikavi.com\/de\/kundendienst\/","title":{"rendered":"Kundendienst"},"content":{"rendered":"\t\t<div data-elementor-type=\"wp-page\" data-elementor-id=\"2913\" class=\"elementor elementor-2913 elementor-1664\" data-elementor-post-type=\"page\">\n\t\t\t\t\t\t<section class=\"elementor-section elementor-top-section elementor-element elementor-element-17e5f8b1 elementor-section-boxed elementor-section-height-default elementor-section-height-default\" data-id=\"17e5f8b1\" data-element_type=\"section\" data-settings=\"{&quot;background_background&quot;:&quot;classic&quot;}\">\n\t\t\t\t\t\t<div class=\"elementor-container elementor-column-gap-default\">\n\t\t\t\t\t<div class=\"elementor-column elementor-col-100 elementor-top-column elementor-element elementor-element-2f02ee24\" data-id=\"2f02ee24\" data-element_type=\"column\">\n\t\t\t<div class=\"elementor-widget-wrap elementor-element-populated\">\n\t\t\t\t\t\t<div class=\"elementor-element elementor-element-602975a0 elementor-widget elementor-widget-heading\" data-id=\"602975a0\" data-element_type=\"widget\" data-widget_type=\"heading.default\">\n\t\t\t\t<div class=\"elementor-widget-container\">\n\t\t\t<h2 class=\"elementor-heading-title elementor-size-default\">Wir sind da um zu helfen<\/h2>\t\t<\/div>\n\t\t\t\t<\/div>\n\t\t\t\t<div class=\"elementor-element elementor-element-7d183528 elementor-widget elementor-widget-text-editor\" data-id=\"7d183528\" data-element_type=\"widget\" data-widget_type=\"text-editor.default\">\n\t\t\t\t<div class=\"elementor-widget-container\">\n\t\t\t\t\t\t\t<p><span class=\"NormalTextRun BCX0 SCXW182935241\">Um Ihnen zu helfen, haben wir auf der <a href=\"https:\/\/gikavi.com\/de\/haufig-gestellte-fragen\/\" target=\"_blank\" rel=\"noopener\">FAQ-Seite<\/a> bereits einige Fragen beantwortet. Sie haben noch eine andere Frage? Unser Team aus Ern\u00e4hrungswissenschaftlern und Experten hilft Ihnen gerne weiter. Dank unserer langj\u00e4hrigen Erfahrung k\u00f6nnen wir Ihnen immer mit einer klaren Antwort<\/span><span class=\"NormalTextRun BCX0 SCXW182935241\">\u00a0oder\u00a0<\/span><span class=\"NormalTextRun BCX0 SCXW182935241\">einem guten Rat<\/span><span class=\"NormalTextRun BCX0 SCXW182935241\">.<\/span><\/p>\t\t\t\t\t\t<\/div>\n\t\t\t\t<\/div>\n\t\t\t\t<div class=\"elementor-element elementor-element-2abef74e elementor-widget elementor-widget-spacer\" data-id=\"2abef74e\" data-element_type=\"widget\" data-widget_type=\"spacer.default\">\n\t\t\t\t<div class=\"elementor-widget-container\">\n\t\t\t\t\t<div class=\"elementor-spacer\">\n\t\t\t<div class=\"elementor-spacer-inner\"><\/div>\n\t\t<\/div>\n\t\t\t\t<\/div>\n\t\t\t\t<\/div>\n\t\t\t\t<section class=\"elementor-section elementor-inner-section elementor-element elementor-element-3ebcaadf elementor-section-boxed elementor-section-height-default elementor-section-height-default\" data-id=\"3ebcaadf\" data-element_type=\"section\">\n\t\t\t\t\t\t<div class=\"elementor-container elementor-column-gap-default\">\n\t\t\t\t\t<div class=\"elementor-column elementor-col-50 elementor-inner-column elementor-element elementor-element-1a3a9ac2\" data-id=\"1a3a9ac2\" data-element_type=\"column\">\n\t\t\t<div class=\"elementor-widget-wrap elementor-element-populated\">\n\t\t\t\t\t\t<div class=\"elementor-element elementor-element-4becdda elementor-widget elementor-widget-image\" data-id=\"4becdda\" data-element_type=\"widget\" data-widget_type=\"image.default\">\n\t\t\t\t<div class=\"elementor-widget-container\">\n\t\t\t\t\t\t\t\t\t\t\t\t\t<img fetchpriority=\"high\" decoding=\"async\" width=\"389\" height=\"389\" src=\"https:\/\/gikavi.com\/app\/uploads\/2022\/02\/woman_Gikavi.png\" class=\"attachment-large size-large wp-image-8068\" alt=\"Mother daughter Gikavi\" \/>\t\t\t\t\t\t\t\t\t\t\t\t\t<\/div>\n\t\t\t\t<\/div>\n\t\t\t\t\t<\/div>\n\t\t<\/div>\n\t\t\t\t<div class=\"elementor-column elementor-col-50 elementor-inner-column elementor-element elementor-element-a8e0640\" data-id=\"a8e0640\" data-element_type=\"column\">\n\t\t\t<div class=\"elementor-widget-wrap elementor-element-populated\">\n\t\t\t\t\t\t<div class=\"elementor-element elementor-element-6145733c elementor-widget elementor-widget-heading\" data-id=\"6145733c\" data-element_type=\"widget\" data-widget_type=\"heading.default\">\n\t\t\t\t<div class=\"elementor-widget-container\">\n\t\t\t<h3 class=\"elementor-heading-title elementor-size-default\">Kostenlose pers\u00f6nliche Beratung durch einen Ern\u00e4hrungsberater<\/h3>\t\t<\/div>\n\t\t\t\t<\/div>\n\t\t\t\t<div class=\"elementor-element elementor-element-cec6193 elementor-widget elementor-widget-text-editor\" data-id=\"cec6193\" data-element_type=\"widget\" data-widget_type=\"text-editor.default\">\n\t\t\t\t<div class=\"elementor-widget-container\">\n\t\t\t\t\t\t\t<p><span class=\"TextRun SCXW216847433 BCX0\" lang=\"DE-DE\" xml:lang=\"DE-DE\" data-contrast=\"auto\"><span class=\"NormalTextRun SCXW216847433 BCX0\">Vereinbaren Sie einen kostenlosen Beratungstermin mit einem unserer Ern\u00e4hrungsberater. Dies k\u00f6nnen Sie ganz einfach tun, indem Sie unten im Betreff-Formular \u201e<strong>Kostenlose Beratung planen<\/strong>\u201c ausw\u00e4hlen und in Ihrer Nachricht das gew\u00fcnschte Datum und die gew\u00fcnschte Uhrzeit angeben.<\/span><\/span><span class=\"EOP SCXW216847433 BCX0\" data-ccp-props=\"{}\">\u00a0<\/span><\/p>\t\t\t\t\t\t<\/div>\n\t\t\t\t<\/div>\n\t\t\t\t\t<\/div>\n\t\t<\/div>\n\t\t\t\t\t<\/div>\n\t\t<\/section>\n\t\t\t\t<div class=\"elementor-element elementor-element-854bdd2 elementor-widget elementor-widget-heading\" data-id=\"854bdd2\" data-element_type=\"widget\" data-widget_type=\"heading.default\">\n\t\t\t\t<div class=\"elementor-widget-container\">\n\t\t\t<h3 class=\"elementor-heading-title elementor-size-default\">Nehmen Sie Kontakt auf<\/h3>\t\t<\/div>\n\t\t\t\t<\/div>\n\t\t\t\t<div class=\"elementor-element elementor-element-bad9f96 elementor-button-align-center gkv-cstm_form elementor-widget elementor-widget-form\" data-id=\"bad9f96\" data-element_type=\"widget\" data-settings=\"{&quot;step_next_label&quot;:&quot;Volgende&quot;,&quot;step_previous_label&quot;:&quot;Vorige&quot;,&quot;button_width&quot;:&quot;100&quot;,&quot;step_type&quot;:&quot;number_text&quot;,&quot;step_icon_shape&quot;:&quot;circle&quot;}\" data-widget_type=\"form.default\">\n\t\t\t\t<div class=\"elementor-widget-container\">\n\t\t\t\t\t<form class=\"elementor-form\" method=\"post\" name=\"Klantenservice\">\n\t\t\t<input type=\"hidden\" name=\"post_id\" value=\"2913\"\/>\n\t\t\t<input type=\"hidden\" name=\"form_id\" value=\"bad9f96\"\/>\n\t\t\t<input type=\"hidden\" name=\"referer_title\" value=\"Gikavi\" \/>\n\n\t\t\t\n\t\t\t<div class=\"elementor-form-fields-wrapper elementor-labels-above\">\n\t\t\t\t\t\t\t\t<div class=\"elementor-field-type-text elementor-field-group elementor-column elementor-field-group-name elementor-col-100\">\n\t\t\t\t\t\t\t\t\t\t\t\t<label for=\"form-field-name\" class=\"elementor-field-label\">\n\t\t\t\t\t\t\t\tName\t\t\t\t\t\t\t<\/label>\n\t\t\t\t\t\t\t\t\t\t\t\t\t\t<input size=\"1\" type=\"text\" name=\"form_fields[name]\" id=\"form-field-name\" class=\"elementor-field elementor-size-sm  elementor-field-textual\" placeholder=\"Vorname und Nachname\">\n\t\t\t\t\t\t\t\t\t\t\t<\/div>\n\t\t\t\t\t\t\t\t<div class=\"elementor-field-type-email elementor-field-group elementor-column elementor-field-group-email elementor-col-100 elementor-field-required\">\n\t\t\t\t\t\t\t\t\t\t\t\t<label for=\"form-field-email\" class=\"elementor-field-label\">\n\t\t\t\t\t\t\t\t E-Mail-Addresse\t\t\t\t\t\t\t<\/label>\n\t\t\t\t\t\t\t\t\t\t\t\t\t\t<input size=\"1\" type=\"email\" name=\"form_fields[email]\" id=\"form-field-email\" class=\"elementor-field elementor-size-sm  elementor-field-textual\" placeholder=\"email@adres.com\" required=\"required\" aria-required=\"true\">\n\t\t\t\t\t\t\t\t\t\t\t<\/div>\n\t\t\t\t\t\t\t\t<div class=\"elementor-field-type-text elementor-field-group elementor-column elementor-field-group-field_743b7fa elementor-col-100 elementor-field-required\">\n\t\t\t\t\t\t\t\t\t\t\t\t<label for=\"form-field-field_743b7fa\" class=\"elementor-field-label\">\n\t\t\t\t\t\t\t\tTelefon\t\t\t\t\t\t\t<\/label>\n\t\t\t\t\t\t\t\t\t\t\t\t\t\t<input size=\"1\" type=\"text\" name=\"form_fields[field_743b7fa]\" id=\"form-field-field_743b7fa\" class=\"elementor-field elementor-size-sm  elementor-field-textual\" placeholder=\"XX - XX XX XX XX\" required=\"required\" aria-required=\"true\">\n\t\t\t\t\t\t\t\t\t\t\t<\/div>\n\t\t\t\t\t\t\t\t<div class=\"elementor-field-type-text elementor-field-group elementor-column elementor-field-group-field_a85e9c2 elementor-col-100\">\n\t\t\t\t\t\t\t\t\t\t\t\t<label for=\"form-field-field_a85e9c2\" class=\"elementor-field-label\">\n\t\t\t\t\t\t\t\tLand\t\t\t\t\t\t\t<\/label>\n\t\t\t\t\t\t\t\t\t\t\t\t\t\t<input size=\"1\" type=\"text\" name=\"form_fields[field_a85e9c2]\" id=\"form-field-field_a85e9c2\" class=\"elementor-field elementor-size-sm  elementor-field-textual\" placeholder=\"In welchem \u200b\u200bLand Lebst du?\">\n\t\t\t\t\t\t\t\t\t\t\t<\/div>\n\t\t\t\t\t\t\t\t<div class=\"elementor-field-type-select elementor-field-group elementor-column elementor-field-group-field_0796f58 elementor-col-100\">\n\t\t\t\t\t\t\t\t\t\t\t\t<label for=\"form-field-field_0796f58\" class=\"elementor-field-label\">\n\t\t\t\t\t\t\t\tBetreff\t\t\t\t\t\t\t<\/label>\n\t\t\t\t\t\t\t\t<div class=\"elementor-field elementor-select-wrapper remove-before \">\n\t\t\t<div class=\"select-caret-down-wrapper\">\n\t\t\t\t<svg aria-hidden=\"true\" class=\"e-font-icon-svg e-eicon-caret-down\" viewBox=\"0 0 571.4 571.4\" xmlns=\"http:\/\/www.w3.org\/2000\/svg\"><path d=\"M571 393Q571 407 561 418L311 668Q300 679 286 679T261 668L11 418Q0 407 0 393T11 368 36 357H536Q550 357 561 368T571 393Z\"><\/path><\/svg>\t\t\t<\/div>\n\t\t\t<select name=\"form_fields[field_0796f58]\" id=\"form-field-field_0796f58\" class=\"elementor-field-textual elementor-size-sm\">\n\t\t\t\t\t\t\t\t\t<option value=\"Kostenlose Beratung planen\">Kostenlose Beratung planen<\/option>\n\t\t\t\t\t\t\t\t\t<option value=\"Bestellungen &amp; Zahlung\">Bestellungen &amp; Zahlung<\/option>\n\t\t\t\t\t\t\t\t\t<option value=\"Lieferungen, R\u00fccksendungen &amp; Stornierung\">Lieferungen, R\u00fccksendungen &amp; Stornierung<\/option>\n\t\t\t\t\t\t\t\t\t<option value=\"Daten \u00e4ndern\">Daten \u00e4ndern<\/option>\n\t\t\t\t\t\t\t\t\t<option value=\"Mein Gikavi\">Mein Gikavi<\/option>\n\t\t\t\t\t\t\t\t\t<option value=\"\u00dcber Gikavi-Produkte\">\u00dcber Gikavi-Produkte<\/option>\n\t\t\t\t\t\t\t\t\t<option value=\"Tipps zur einnahme von Multis\">Tipps zur einnahme von Multis<\/option>\n\t\t\t\t\t\t\t\t\t<option value=\"Sonstiges\">Sonstiges<\/option>\n\t\t\t\t\t\t\t<\/select>\n\t\t<\/div>\n\t\t\t\t\t\t<\/div>\n\t\t\t\t\t\t\t\t<div class=\"elementor-field-type-textarea elementor-field-group elementor-column elementor-field-group-message elementor-col-100\">\n\t\t\t\t\t\t\t\t\t\t\t\t<label for=\"form-field-message\" class=\"elementor-field-label\">\n\t\t\t\t\t\t\t\tNachricht und\/oder Wunschtermin f\u00fcr das Beratungsgespr\u00e4ch\t\t\t\t\t\t\t<\/label>\n\t\t\t\t\t\t<textarea class=\"elementor-field-textual elementor-field  elementor-size-sm\" name=\"form_fields[message]\" id=\"form-field-message\" rows=\"5\" placeholder=\"Eingabefeld\"><\/textarea>\t\t\t\t<\/div>\n\t\t\t\t\t\t\t\t<div class=\"elementor-field-group elementor-column elementor-field-type-submit elementor-col-100 e-form__buttons\">\n\t\t\t\t\t<button type=\"submit\" class=\"elementor-button elementor-size-lg\">\n\t\t\t\t\t\t<span >\n\t\t\t\t\t\t\t\t\t\t\t\t\t\t\t<span class=\" elementor-button-icon\">\n\t\t\t\t\t\t\t\t\t\t\t\t\t\t\t\t\t\t\t\t\t\t\t\t\t\t<\/span>\n\t\t\t\t\t\t\t\t\t\t\t\t\t\t\t\t\t\t\t\t\t\t<span class=\"elementor-button-text\">Senden<\/span>\n\t\t\t\t\t\t\t\t\t\t\t\t\t<\/span>\n\t\t\t\t\t<\/button>\n\t\t\t\t<\/div>\n\t\t\t<\/div>\n\t\t<\/form>\n\t\t\t\t<\/div>\n\t\t\t\t<\/div>\n\t\t\t\t<section class=\"elementor-section elementor-inner-section elementor-element elementor-element-93980c3 elementor-section-boxed elementor-section-height-default elementor-section-height-default\" data-id=\"93980c3\" data-element_type=\"section\">\n\t\t\t\t\t\t<div class=\"elementor-container elementor-column-gap-default\">\n\t\t\t\t\t<div class=\"elementor-column elementor-col-50 elementor-inner-column elementor-element elementor-element-c221bec\" data-id=\"c221bec\" data-element_type=\"column\">\n\t\t\t<div class=\"elementor-widget-wrap elementor-element-populated\">\n\t\t\t\t\t\t<div class=\"elementor-element elementor-element-ca858e7 elementor-widget elementor-widget-heading\" data-id=\"ca858e7\" data-element_type=\"widget\" data-widget_type=\"heading.default\">\n\t\t\t\t<div class=\"elementor-widget-container\">\n\t\t\t<h3 class=\"elementor-heading-title elementor-size-default\">Lieber anrufen?<\/h3>\t\t<\/div>\n\t\t\t\t<\/div>\n\t\t\t\t<div class=\"elementor-element elementor-element-82085b1 elementor-widget elementor-widget-text-editor\" data-id=\"82085b1\" data-element_type=\"widget\" data-widget_type=\"text-editor.default\">\n\t\t\t\t<div class=\"elementor-widget-container\">\n\t\t\t\t\t\t\t<p><strong><span class=\"TextRun BCX0 SCXW14464928\" lang=\"DE-DE\" xml:lang=\"DE-DE\" data-contrast=\"auto\"><span class=\"NormalTextRun BCX0 SCXW14464928\">Telefon: <\/span><\/span><\/strong><span class=\"TextRun BCX0 SCXW14464928\" lang=\"DE-DE\" xml:lang=\"DE-DE\" data-contrast=\"auto\"><span class=\"NormalTextRun BCX0 SCXW14464928\">00<\/span><\/span><span class=\"TextRun BCX0 SCXW14464928\" lang=\"DE-DE\" xml:lang=\"DE-DE\" data-contrast=\"auto\"><span class=\"NormalTextRun BCX0 SCXW14464928\">49 39292824981<\/span><\/span><span class=\"Apple-converted-space\"><br \/><\/span><strong><span class=\"TextRun SCXW194966412 BCX0\" lang=\"DE-DE\" xml:lang=\"DE-DE\" data-contrast=\"auto\"><span class=\"NormalTextRun SCXW194966412 BCX0\">Verf\u00fcgbar: <\/span><\/span><\/strong><span class=\"TextRun SCXW194966412 BCX0\" lang=\"DE-DE\" xml:lang=\"DE-DE\" data-contrast=\"auto\"><span class=\"NormalTextRun SCXW194966412 BCX0\">Montag bis Freitag, von 09:00 bis 12:00 Uhr<\/span><\/span><span class=\"EOP SCXW194966412 BCX0\" data-ccp-props=\"{}\">\u00a0<\/span><strong><br \/><\/strong><\/p>\t\t\t\t\t\t<\/div>\n\t\t\t\t<\/div>\n\t\t\t\t\t<\/div>\n\t\t<\/div>\n\t\t\t\t<div class=\"elementor-column elementor-col-50 elementor-inner-column elementor-element elementor-element-3169db2\" data-id=\"3169db2\" data-element_type=\"column\">\n\t\t\t<div class=\"elementor-widget-wrap elementor-element-populated\">\n\t\t\t\t\t\t<div class=\"elementor-element elementor-element-63d88f8 elementor-widget elementor-widget-image\" data-id=\"63d88f8\" data-element_type=\"widget\" data-widget_type=\"image.default\">\n\t\t\t\t<div class=\"elementor-widget-container\">\n\t\t\t\t\t\t\t\t\t\t\t\t\t<img decoding=\"async\" width=\"1024\" height=\"1024\" src=\"https:\/\/gikavi.com\/app\/uploads\/2021\/10\/berg_gikavigikavi_multi_supplementen.png\" class=\"attachment-large size-large wp-image-1751\" alt=\"\" \/>\t\t\t\t\t\t\t\t\t\t\t\t\t<\/div>\n\t\t\t\t<\/div>\n\t\t\t\t\t<\/div>\n\t\t<\/div>\n\t\t\t\t\t<\/div>\n\t\t<\/section>\n\t\t\t\t\t<\/div>\n\t\t<\/div>\n\t\t\t\t\t<\/div>\n\t\t<\/section>\n\t\t\t\t<\/div>\n\t\t","protected":false},"excerpt":{"rendered":"<p>Wir sind da um zu helfen Um Ihnen zu helfen, haben wir auf der FAQ-Seite bereits einige Fragen beantwortet. Sie haben noch eine andere Frage? Unser Team aus Ern\u00e4hrungswissenschaftlern und Experten hilft Ihnen gerne weiter. Dank unserer langj\u00e4hrigen Erfahrung k\u00f6nnen wir Ihnen immer mit einer klaren Antwort\u00a0oder\u00a0einem guten Rat. Kostenlose pers\u00f6nliche Beratung durch einen Ern\u00e4hrungsberater&hellip;&nbsp;<a href=\"https:\/\/gikavi.com\/de\/kundendienst\/\" rel=\"bookmark\">Read More &raquo;<span class=\"screen-reader-text\">Kundendienst<\/span><\/a><\/p>\n","protected":false},"author":21,"featured_media":0,"parent":0,"menu_order":0,"comment_status":"closed","ping_status":"closed","template":"page-templates\/template-pagebuilder-full-width.php","meta":{"_acf_changed":false,"neve_meta_sidebar":"","neve_meta_container":"","neve_meta_enable_content_width":"","neve_meta_content_width":0,"neve_meta_title_alignment":"","neve_meta_author_avatar":"","neve_post_elements_order":"","neve_meta_disable_header":"","neve_meta_disable_footer":"","neve_meta_disable_title":"","footnotes":""},"class_list":["post-2913","page","type-page","status-publish","hentry"],"acf":[],"yoast_head":"<!-- This site is optimized with the Yoast SEO plugin v27.1.1 - https:\/\/yoast.com\/product\/yoast-seo-wordpress\/ -->\n<title>Kundenservice | Unsere Ern\u00e4hrungsberater helfen gerne | Gikavi<\/title>\n<meta name=\"description\" content=\"Haben Sie eine Frage zu Ihren Nahrungserg\u00e4nzungsmitteln oder Bestellung? Rufen Sie bitte 0031 10 309 1800 an.\" \/>\n<meta name=\"robots\" content=\"index, follow, max-snippet:-1, max-image-preview:large, max-video-preview:-1\" \/>\n<link rel=\"canonical\" href=\"https:\/\/gikavi.com\/de\/kundendienst\/\" \/>\n<meta property=\"og:locale\" content=\"de_DE\" \/>\n<meta property=\"og:type\" content=\"article\" \/>\n<meta property=\"og:title\" content=\"Kundenservice | Unsere Ern\u00e4hrungsberater helfen gerne | Gikavi\" \/>\n<meta property=\"og:description\" content=\"Haben Sie eine Frage zu Ihren Nahrungserg\u00e4nzungsmitteln oder Bestellung? Rufen Sie bitte 0031 10 309 1800 an.\" \/>\n<meta property=\"og:url\" content=\"https:\/\/gikavi.com\/de\/kundendienst\/\" \/>\n<meta property=\"og:site_name\" content=\"Gikavi\" \/>\n<meta property=\"article:modified_time\" content=\"2025-12-10T09:38:00+00:00\" \/>\n<meta property=\"og:image\" content=\"https:\/\/gikavi.com\/app\/uploads\/2022\/02\/woman_Gikavi.png\" \/>\n\t<meta property=\"og:image:width\" content=\"389\" \/>\n\t<meta property=\"og:image:height\" content=\"389\" \/>\n\t<meta property=\"og:image:type\" content=\"image\/png\" \/>\n<meta name=\"twitter:card\" content=\"summary_large_image\" \/>\n<meta name=\"twitter:label1\" content=\"Est. reading time\" \/>\n\t<meta name=\"twitter:data1\" content=\"2 minutes\" \/>\n<script type=\"application\/ld+json\" class=\"yoast-schema-graph\">{\"@context\":\"https:\/\/schema.org\",\"@graph\":[{\"@type\":\"WebPage\",\"@id\":\"https:\/\/gikavi.com\/de\/kundendienst\/\",\"url\":\"https:\/\/gikavi.com\/de\/kundendienst\/\",\"name\":\"Kundenservice | Unsere Ern\u00e4hrungsberater helfen gerne | Gikavi\",\"isPartOf\":{\"@id\":\"https:\/\/gikavi.com\/#website\"},\"primaryImageOfPage\":{\"@id\":\"https:\/\/gikavi.com\/de\/kundendienst\/#primaryimage\"},\"image\":{\"@id\":\"https:\/\/gikavi.com\/de\/kundendienst\/#primaryimage\"},\"thumbnailUrl\":\"https:\/\/gikavi.com\/app\/uploads\/2022\/02\/woman_Gikavi.png\",\"datePublished\":\"2021-10-20T12:58:37+00:00\",\"dateModified\":\"2025-12-10T09:38:00+00:00\",\"description\":\"Haben Sie eine Frage zu Ihren Nahrungserg\u00e4nzungsmitteln oder Bestellung? Rufen Sie bitte 0031 10 309 1800 an.\",\"breadcrumb\":{\"@id\":\"https:\/\/gikavi.com\/de\/kundendienst\/#breadcrumb\"},\"inLanguage\":\"de-DE\",\"potentialAction\":[{\"@type\":\"ReadAction\",\"target\":[\"https:\/\/gikavi.com\/de\/kundendienst\/\"]}]},{\"@type\":\"ImageObject\",\"inLanguage\":\"de-DE\",\"@id\":\"https:\/\/gikavi.com\/de\/kundendienst\/#primaryimage\",\"url\":\"https:\/\/gikavi.com\/app\/uploads\/2022\/02\/woman_Gikavi.png\",\"contentUrl\":\"https:\/\/gikavi.com\/app\/uploads\/2022\/02\/woman_Gikavi.png\"},{\"@type\":\"BreadcrumbList\",\"@id\":\"https:\/\/gikavi.com\/de\/kundendienst\/#breadcrumb\",\"itemListElement\":[{\"@type\":\"ListItem\",\"position\":1,\"name\":\"Home\",\"item\":\"https:\/\/gikavi.com\/nl\/\"},{\"@type\":\"ListItem\",\"position\":2,\"name\":\"Kundendienst\"}]},{\"@type\":\"WebSite\",\"@id\":\"https:\/\/gikavi.com\/#website\",\"url\":\"https:\/\/gikavi.com\/\",\"name\":\"Gikavi\",\"description\":\"Supportive Supplements\",\"publisher\":{\"@id\":\"https:\/\/gikavi.com\/#organization\"},\"potentialAction\":[{\"@type\":\"SearchAction\",\"target\":{\"@type\":\"EntryPoint\",\"urlTemplate\":\"https:\/\/gikavi.com\/?s={search_term_string}\"},\"query-input\":{\"@type\":\"PropertyValueSpecification\",\"valueRequired\":true,\"valueName\":\"search_term_string\"}}],\"inLanguage\":\"de-DE\"},{\"@type\":\"Organization\",\"@id\":\"https:\/\/gikavi.com\/#organization\",\"name\":\"Gikavi\",\"url\":\"https:\/\/gikavi.com\/\",\"logo\":{\"@type\":\"ImageObject\",\"inLanguage\":\"de-DE\",\"@id\":\"https:\/\/gikavi.com\/#\/schema\/logo\/image\/\",\"url\":\"https:\/\/gikavi.com\/app\/uploads\/2021\/09\/Gikavi_Logo_BLACK.png\",\"contentUrl\":\"https:\/\/gikavi.com\/app\/uploads\/2021\/09\/Gikavi_Logo_BLACK.png\",\"width\":2592,\"height\":1053,\"caption\":\"Gikavi\"},\"image\":{\"@id\":\"https:\/\/gikavi.com\/#\/schema\/logo\/image\/\"}}]}<\/script>\n<!-- \/ Yoast SEO plugin. -->","yoast_head_json":{"title":"Kundenservice | Unsere Ern\u00e4hrungsberater helfen gerne | Gikavi","description":"Haben Sie eine Frage zu Ihren Nahrungserg\u00e4nzungsmitteln oder Bestellung? Rufen Sie bitte 0031 10 309 1800 an.","robots":{"index":"index","follow":"follow","max-snippet":"max-snippet:-1","max-image-preview":"max-image-preview:large","max-video-preview":"max-video-preview:-1"},"canonical":"https:\/\/gikavi.com\/de\/kundendienst\/","og_locale":"de_DE","og_type":"article","og_title":"Kundenservice | Unsere Ern\u00e4hrungsberater helfen gerne | Gikavi","og_description":"Haben Sie eine Frage zu Ihren Nahrungserg\u00e4nzungsmitteln oder Bestellung? Rufen Sie bitte 0031 10 309 1800 an.","og_url":"https:\/\/gikavi.com\/de\/kundendienst\/","og_site_name":"Gikavi","article_modified_time":"2025-12-10T09:38:00+00:00","og_image":[{"width":389,"height":389,"url":"https:\/\/gikavi.com\/app\/uploads\/2022\/02\/woman_Gikavi.png","type":"image\/png"}],"twitter_card":"summary_large_image","twitter_misc":{"Est. reading time":"2 minutes"},"schema":{"@context":"https:\/\/schema.org","@graph":[{"@type":"WebPage","@id":"https:\/\/gikavi.com\/de\/kundendienst\/","url":"https:\/\/gikavi.com\/de\/kundendienst\/","name":"Kundenservice | Unsere Ern\u00e4hrungsberater helfen gerne | Gikavi","isPartOf":{"@id":"https:\/\/gikavi.com\/#website"},"primaryImageOfPage":{"@id":"https:\/\/gikavi.com\/de\/kundendienst\/#primaryimage"},"image":{"@id":"https:\/\/gikavi.com\/de\/kundendienst\/#primaryimage"},"thumbnailUrl":"https:\/\/gikavi.com\/app\/uploads\/2022\/02\/woman_Gikavi.png","datePublished":"2021-10-20T12:58:37+00:00","dateModified":"2025-12-10T09:38:00+00:00","description":"Haben Sie eine Frage zu Ihren Nahrungserg\u00e4nzungsmitteln oder Bestellung? Rufen Sie bitte 0031 10 309 1800 an.","breadcrumb":{"@id":"https:\/\/gikavi.com\/de\/kundendienst\/#breadcrumb"},"inLanguage":"de-DE","potentialAction":[{"@type":"ReadAction","target":["https:\/\/gikavi.com\/de\/kundendienst\/"]}]},{"@type":"ImageObject","inLanguage":"de-DE","@id":"https:\/\/gikavi.com\/de\/kundendienst\/#primaryimage","url":"https:\/\/gikavi.com\/app\/uploads\/2022\/02\/woman_Gikavi.png","contentUrl":"https:\/\/gikavi.com\/app\/uploads\/2022\/02\/woman_Gikavi.png"},{"@type":"BreadcrumbList","@id":"https:\/\/gikavi.com\/de\/kundendienst\/#breadcrumb","itemListElement":[{"@type":"ListItem","position":1,"name":"Home","item":"https:\/\/gikavi.com\/nl\/"},{"@type":"ListItem","position":2,"name":"Kundendienst"}]},{"@type":"WebSite","@id":"https:\/\/gikavi.com\/#website","url":"https:\/\/gikavi.com\/","name":"Gikavi","description":"Supportive Supplements","publisher":{"@id":"https:\/\/gikavi.com\/#organization"},"potentialAction":[{"@type":"SearchAction","target":{"@type":"EntryPoint","urlTemplate":"https:\/\/gikavi.com\/?s={search_term_string}"},"query-input":{"@type":"PropertyValueSpecification","valueRequired":true,"valueName":"search_term_string"}}],"inLanguage":"de-DE"},{"@type":"Organization","@id":"https:\/\/gikavi.com\/#organization","name":"Gikavi","url":"https:\/\/gikavi.com\/","logo":{"@type":"ImageObject","inLanguage":"de-DE","@id":"https:\/\/gikavi.com\/#\/schema\/logo\/image\/","url":"https:\/\/gikavi.com\/app\/uploads\/2021\/09\/Gikavi_Logo_BLACK.png","contentUrl":"https:\/\/gikavi.com\/app\/uploads\/2021\/09\/Gikavi_Logo_BLACK.png","width":2592,"height":1053,"caption":"Gikavi"},"image":{"@id":"https:\/\/gikavi.com\/#\/schema\/logo\/image\/"}}]}},"_links":{"self":[{"href":"https:\/\/gikavi.com\/de\/wp-json\/wp\/v2\/pages\/2913","targetHints":{"allow":["GET"]}}],"collection":[{"href":"https:\/\/gikavi.com\/de\/wp-json\/wp\/v2\/pages"}],"about":[{"href":"https:\/\/gikavi.com\/de\/wp-json\/wp\/v2\/types\/page"}],"author":[{"embeddable":true,"href":"https:\/\/gikavi.com\/de\/wp-json\/wp\/v2\/users\/21"}],"replies":[{"embeddable":true,"href":"https:\/\/gikavi.com\/de\/wp-json\/wp\/v2\/comments?post=2913"}],"version-history":[{"count":6,"href":"https:\/\/gikavi.com\/de\/wp-json\/wp\/v2\/pages\/2913\/revisions"}],"predecessor-version":[{"id":11675,"href":"https:\/\/gikavi.com\/de\/wp-json\/wp\/v2\/pages\/2913\/revisions\/11675"}],"wp:attachment":[{"href":"https:\/\/gikavi.com\/de\/wp-json\/wp\/v2\/media?parent=2913"}],"curies":[{"name":"wp","href":"https:\/\/api.w.org\/{rel}","templated":true}]}}