{"id":2898,"date":"2021-10-28T13:04:19","date_gmt":"2021-10-28T13:04:19","guid":{"rendered":"https:\/\/gikavi.com\/privacy-policy-terms-and-conditions\/"},"modified":"2021-11-11T17:07:03","modified_gmt":"2021-11-11T17:07:03","slug":"privacy-policy-terms-and-conditions","status":"publish","type":"page","link":"https:\/\/gikavi.com\/fr\/privacy-policy-terms-and-conditions\/","title":{"rendered":"Privacy Policy &#038; Terms and Conditions"},"content":{"rendered":"\t\t<div data-elementor-type=\"wp-page\" data-elementor-id=\"2898\" class=\"elementor elementor-2898 elementor-2344\" data-elementor-post-type=\"page\">\n\t\t\t\t\t\t<section class=\"elementor-section elementor-top-section elementor-element elementor-element-89f4405 elementor-section-boxed elementor-section-height-default elementor-section-height-default\" data-id=\"89f4405\" data-element_type=\"section\" data-settings=\"{&quot;background_background&quot;:&quot;classic&quot;}\">\n\t\t\t\t\t\t<div class=\"elementor-container elementor-column-gap-default\">\n\t\t\t\t\t<div class=\"elementor-column elementor-col-100 elementor-top-column elementor-element elementor-element-0dee3d0\" data-id=\"0dee3d0\" data-element_type=\"column\">\n\t\t\t<div class=\"elementor-widget-wrap elementor-element-populated\">\n\t\t\t\t\t\t<div class=\"elementor-element elementor-element-e22a681 elementor-widget elementor-widget-heading\" data-id=\"e22a681\" data-element_type=\"widget\" data-widget_type=\"heading.default\">\n\t\t\t\t<div class=\"elementor-widget-container\">\n\t\t\t<h2 class=\"elementor-heading-title elementor-size-default\">Terms and Conditions <u>&amp; Privacy Statement<\/u><\/h2>\t\t<\/div>\n\t\t\t\t<\/div>\n\t\t\t\t\t<\/div>\n\t\t<\/div>\n\t\t\t\t\t<\/div>\n\t\t<\/section>\n\t\t\t\t<section class=\"elementor-section elementor-top-section elementor-element elementor-element-5fea8b1 elementor-section-boxed elementor-section-height-default elementor-section-height-default\" data-id=\"5fea8b1\" data-element_type=\"section\" data-settings=\"{&quot;background_background&quot;:&quot;classic&quot;}\">\n\t\t\t\t\t\t<div class=\"elementor-container elementor-column-gap-default\">\n\t\t\t\t\t<div class=\"elementor-column elementor-col-25 elementor-top-column elementor-element elementor-element-95bdc39\" data-id=\"95bdc39\" data-element_type=\"column\">\n\t\t\t<div class=\"elementor-widget-wrap elementor-element-populated\">\n\t\t\t\t\t\t<div class=\"elementor-element elementor-element-48518b16 elementor-widget elementor-widget-heading\" data-id=\"48518b16\" data-element_type=\"widget\" data-widget_type=\"heading.default\">\n\t\t\t\t<div class=\"elementor-widget-container\">\n\t\t\t<h2 class=\"elementor-heading-title elementor-size-default\">English<\/h2>\t\t<\/div>\n\t\t\t\t<\/div>\n\t\t\t\t<div class=\"elementor-element elementor-element-536d62ed elementor-widget elementor-widget-text-editor\" data-id=\"536d62ed\" data-element_type=\"widget\" data-widget_type=\"text-editor.default\">\n\t\t\t\t<div class=\"elementor-widget-container\">\n\t\t\t\t\t\t\t<p><b><a href=\"https:\/\/gikavi.com\/terms-and-conditions\/\" target=\"_blank\" rel=\"noopener\">General Terms and conditions<\/a><br \/><\/b><a href=\"https:\/\/gikavi.com\/privacy-statement\/\" target=\"_blank\" rel=\"noopener\"><b>Privacy Statement<\/b><\/a><\/p>\n\t\t\t\t\t\t<\/div>\n\t\t\t\t<\/div>\n\t\t\t\t\t<\/div>\n\t\t<\/div>\n\t\t\t\t<div class=\"elementor-column elementor-col-25 elementor-top-column elementor-element elementor-element-6b2269e5\" data-id=\"6b2269e5\" data-element_type=\"column\">\n\t\t\t<div class=\"elementor-widget-wrap elementor-element-populated\">\n\t\t\t\t\t\t<div class=\"elementor-element elementor-element-530cca67 elementor-widget elementor-widget-heading\" data-id=\"530cca67\" data-element_type=\"widget\" data-widget_type=\"heading.default\">\n\t\t\t\t<div class=\"elementor-widget-container\">\n\t\t\t<h2 class=\"elementor-heading-title elementor-size-default\">Deutsch<\/h2>\t\t<\/div>\n\t\t\t\t<\/div>\n\t\t\t\t<div class=\"elementor-element elementor-element-3883fbbd elementor-widget elementor-widget-text-editor\" data-id=\"3883fbbd\" data-element_type=\"widget\" data-widget_type=\"text-editor.default\">\n\t\t\t\t<div class=\"elementor-widget-container\">\n\t\t\t\t\t\t\t<p><a href=\"https:\/\/gikavi.com\/de\/allgemeine-geschaftsbedingungen\/\" target=\"_blank\" rel=\"noopener\"><strong>Allgemeine Gesch\u00e4ftsbedingungen<\/strong><\/a><br \/><a href=\"https:\/\/gikavi.com\/de\/datenschutzerklarung\/\" target=\"_blank\" rel=\"noopener\"><strong>Datenschutzerkl\u00e4rung<\/strong><\/a><\/p>\n\t\t\t\t\t\t<\/div>\n\t\t\t\t<\/div>\n\t\t\t\t\t<\/div>\n\t\t<\/div>\n\t\t\t\t<div class=\"elementor-column elementor-col-25 elementor-top-column elementor-element elementor-element-7f523139\" data-id=\"7f523139\" data-element_type=\"column\">\n\t\t\t<div class=\"elementor-widget-wrap elementor-element-populated\">\n\t\t\t\t\t\t<div class=\"elementor-element elementor-element-5abff627 elementor-widget elementor-widget-heading\" data-id=\"5abff627\" data-element_type=\"widget\" data-widget_type=\"heading.default\">\n\t\t\t\t<div class=\"elementor-widget-container\">\n\t\t\t<h2 class=\"elementor-heading-title elementor-size-default\">Fran\u00e7ais<\/h2>\t\t<\/div>\n\t\t\t\t<\/div>\n\t\t\t\t<div class=\"elementor-element elementor-element-2ea941a0 elementor-widget elementor-widget-text-editor\" data-id=\"2ea941a0\" data-element_type=\"widget\" data-widget_type=\"text-editor.default\">\n\t\t\t\t<div class=\"elementor-widget-container\">\n\t\t\t\t\t\t\t<p><a href=\"https:\/\/gikavi.com\/fr\/conditions-generales\/\" target=\"_blank\" rel=\"noopener\"><strong>Conditions g\u00e9n\u00e9rales<\/strong><\/a><br \/><a href=\"https:\/\/gikavi.com\/fr\/declaration-de-confidentialite\/\" target=\"_blank\" rel=\"noopener\"><strong>D\u00e9claration de confidentialit\u00e9<\/strong><\/a><\/p>\n\t\t\t\t\t\t<\/div>\n\t\t\t\t<\/div>\n\t\t\t\t\t<\/div>\n\t\t<\/div>\n\t\t\t\t<div class=\"elementor-column elementor-col-25 elementor-top-column elementor-element elementor-element-3d6c5253\" data-id=\"3d6c5253\" data-element_type=\"column\">\n\t\t\t<div class=\"elementor-widget-wrap elementor-element-populated\">\n\t\t\t\t\t\t<div class=\"elementor-element elementor-element-161b4c24 elementor-widget elementor-widget-heading\" data-id=\"161b4c24\" data-element_type=\"widget\" data-widget_type=\"heading.default\">\n\t\t\t\t<div class=\"elementor-widget-container\">\n\t\t\t<h2 class=\"elementor-heading-title elementor-size-default\">Nederlands<\/h2>\t\t<\/div>\n\t\t\t\t<\/div>\n\t\t\t\t<div class=\"elementor-element elementor-element-6c1583a elementor-widget elementor-widget-text-editor\" data-id=\"6c1583a\" data-element_type=\"widget\" data-widget_type=\"text-editor.default\">\n\t\t\t\t<div class=\"elementor-widget-container\">\n\t\t\t\t\t\t\t<p><b><a href=\"https:\/\/gikavi.com\/nl\/algemene-voorwaarden\/\" target=\"_blank\" rel=\"noopener\">Algemene voorwaarden<\/a><br \/><a href=\"https:\/\/gikavi.com\/nl\/privacy-statement\/\" target=\"_blank\" rel=\"noopener\">Privacy Statement<\/a><\/b><\/p>\n\t\t\t\t\t\t<\/div>\n\t\t\t\t<\/div>\n\t\t\t\t\t<\/div>\n\t\t<\/div>\n\t\t\t\t\t<\/div>\n\t\t<\/section>\n\t\t\t\t<\/div>\n\t\t","protected":false},"excerpt":{"rendered":"<p>Terms and Conditions &#038; Privacy Statement English General Terms and conditionsPrivacy Statement Deutsch Allgemeine Gesch\u00e4ftsbedingungenDatenschutzerkl\u00e4rung Fran\u00e7ais Conditions g\u00e9n\u00e9ralesD\u00e9claration de confidentialit\u00e9 Nederlands Algemene voorwaardenPrivacy Statement<\/p>\n","protected":false},"author":21,"featured_media":0,"parent":0,"menu_order":0,"comment_status":"closed","ping_status":"closed","template":"page-templates\/template-pagebuilder-full-width.php","meta":{"_acf_changed":false,"neve_meta_sidebar":"","neve_meta_container":"","neve_meta_enable_content_width":"","neve_meta_content_width":0,"neve_meta_title_alignment":"","neve_meta_author_avatar":"","neve_post_elements_order":"","neve_meta_disable_header":"","neve_meta_disable_footer":"","neve_meta_disable_title":"","footnotes":""},"class_list":["post-2898","page","type-page","status-publish","hentry"],"acf":[],"yoast_head":"<!-- This site is optimized with the Yoast SEO plugin v27.1.1 - https:\/\/yoast.com\/product\/yoast-seo-wordpress\/ -->\n<title>Privacy Policy &amp; Terms and Conditions - Gikavi<\/title>\n<meta name=\"robots\" content=\"index, follow, max-snippet:-1, max-image-preview:large, max-video-preview:-1\" \/>\n<link rel=\"canonical\" href=\"https:\/\/gikavi.com\/fr\/privacy-policy-terms-and-conditions\/\" \/>\n<meta property=\"og:locale\" content=\"fr_FR\" \/>\n<meta property=\"og:type\" content=\"article\" \/>\n<meta property=\"og:title\" content=\"Privacy Policy &amp; Terms and Conditions - Gikavi\" \/>\n<meta property=\"og:description\" content=\"Terms and Conditions &#038; Privacy Statement English General Terms and conditionsPrivacy Statement Deutsch Allgemeine Gesch\u00e4ftsbedingungenDatenschutzerkl\u00e4rung Fran\u00e7ais Conditions g\u00e9n\u00e9ralesD\u00e9claration de confidentialit\u00e9 Nederlands Algemene voorwaardenPrivacy Statement\" \/>\n<meta property=\"og:url\" content=\"https:\/\/gikavi.com\/fr\/privacy-policy-terms-and-conditions\/\" \/>\n<meta property=\"og:site_name\" content=\"Gikavi\" \/>\n<meta property=\"article:modified_time\" content=\"2021-11-11T17:07:03+00:00\" \/>\n<meta name=\"twitter:card\" content=\"summary_large_image\" \/>\n<script type=\"application\/ld+json\" class=\"yoast-schema-graph\">{\"@context\":\"https:\/\/schema.org\",\"@graph\":[{\"@type\":\"WebPage\",\"@id\":\"https:\/\/gikavi.com\/fr\/privacy-policy-terms-and-conditions\/\",\"url\":\"https:\/\/gikavi.com\/fr\/privacy-policy-terms-and-conditions\/\",\"name\":\"Privacy Policy & Terms and Conditions - Gikavi\",\"isPartOf\":{\"@id\":\"https:\/\/gikavi.com\/#website\"},\"datePublished\":\"2021-10-28T13:04:19+00:00\",\"dateModified\":\"2021-11-11T17:07:03+00:00\",\"breadcrumb\":{\"@id\":\"https:\/\/gikavi.com\/fr\/privacy-policy-terms-and-conditions\/#breadcrumb\"},\"inLanguage\":\"fr-FR\",\"potentialAction\":[{\"@type\":\"ReadAction\",\"target\":[\"https:\/\/gikavi.com\/fr\/privacy-policy-terms-and-conditions\/\"]}]},{\"@type\":\"BreadcrumbList\",\"@id\":\"https:\/\/gikavi.com\/fr\/privacy-policy-terms-and-conditions\/#breadcrumb\",\"itemListElement\":[{\"@type\":\"ListItem\",\"position\":1,\"name\":\"Home\",\"item\":\"https:\/\/gikavi.com\/nl\/\"},{\"@type\":\"ListItem\",\"position\":2,\"name\":\"Privacy Policy &#038; Terms and Conditions\"}]},{\"@type\":\"WebSite\",\"@id\":\"https:\/\/gikavi.com\/#website\",\"url\":\"https:\/\/gikavi.com\/\",\"name\":\"Gikavi\",\"description\":\"Supportive Supplements\",\"publisher\":{\"@id\":\"https:\/\/gikavi.com\/#organization\"},\"potentialAction\":[{\"@type\":\"SearchAction\",\"target\":{\"@type\":\"EntryPoint\",\"urlTemplate\":\"https:\/\/gikavi.com\/?s={search_term_string}\"},\"query-input\":{\"@type\":\"PropertyValueSpecification\",\"valueRequired\":true,\"valueName\":\"search_term_string\"}}],\"inLanguage\":\"fr-FR\"},{\"@type\":\"Organization\",\"@id\":\"https:\/\/gikavi.com\/#organization\",\"name\":\"Gikavi\",\"url\":\"https:\/\/gikavi.com\/\",\"logo\":{\"@type\":\"ImageObject\",\"inLanguage\":\"fr-FR\",\"@id\":\"https:\/\/gikavi.com\/#\/schema\/logo\/image\/\",\"url\":\"https:\/\/gikavi.com\/app\/uploads\/2021\/09\/Gikavi_Logo_BLACK.png\",\"contentUrl\":\"https:\/\/gikavi.com\/app\/uploads\/2021\/09\/Gikavi_Logo_BLACK.png\",\"width\":2592,\"height\":1053,\"caption\":\"Gikavi\"},\"image\":{\"@id\":\"https:\/\/gikavi.com\/#\/schema\/logo\/image\/\"}}]}<\/script>\n<!-- \/ Yoast SEO plugin. -->","yoast_head_json":{"title":"Privacy Policy & Terms and Conditions - Gikavi","robots":{"index":"index","follow":"follow","max-snippet":"max-snippet:-1","max-image-preview":"max-image-preview:large","max-video-preview":"max-video-preview:-1"},"canonical":"https:\/\/gikavi.com\/fr\/privacy-policy-terms-and-conditions\/","og_locale":"fr_FR","og_type":"article","og_title":"Privacy Policy & Terms and Conditions - Gikavi","og_description":"Terms and Conditions &#038; Privacy Statement English General Terms and conditionsPrivacy Statement Deutsch Allgemeine Gesch\u00e4ftsbedingungenDatenschutzerkl\u00e4rung Fran\u00e7ais Conditions g\u00e9n\u00e9ralesD\u00e9claration de confidentialit\u00e9 Nederlands Algemene voorwaardenPrivacy Statement","og_url":"https:\/\/gikavi.com\/fr\/privacy-policy-terms-and-conditions\/","og_site_name":"Gikavi","article_modified_time":"2021-11-11T17:07:03+00:00","twitter_card":"summary_large_image","schema":{"@context":"https:\/\/schema.org","@graph":[{"@type":"WebPage","@id":"https:\/\/gikavi.com\/fr\/privacy-policy-terms-and-conditions\/","url":"https:\/\/gikavi.com\/fr\/privacy-policy-terms-and-conditions\/","name":"Privacy Policy & Terms and Conditions - Gikavi","isPartOf":{"@id":"https:\/\/gikavi.com\/#website"},"datePublished":"2021-10-28T13:04:19+00:00","dateModified":"2021-11-11T17:07:03+00:00","breadcrumb":{"@id":"https:\/\/gikavi.com\/fr\/privacy-policy-terms-and-conditions\/#breadcrumb"},"inLanguage":"fr-FR","potentialAction":[{"@type":"ReadAction","target":["https:\/\/gikavi.com\/fr\/privacy-policy-terms-and-conditions\/"]}]},{"@type":"BreadcrumbList","@id":"https:\/\/gikavi.com\/fr\/privacy-policy-terms-and-conditions\/#breadcrumb","itemListElement":[{"@type":"ListItem","position":1,"name":"Home","item":"https:\/\/gikavi.com\/nl\/"},{"@type":"ListItem","position":2,"name":"Privacy Policy &#038; Terms and Conditions"}]},{"@type":"WebSite","@id":"https:\/\/gikavi.com\/#website","url":"https:\/\/gikavi.com\/","name":"Gikavi","description":"Supportive Supplements","publisher":{"@id":"https:\/\/gikavi.com\/#organization"},"potentialAction":[{"@type":"SearchAction","target":{"@type":"EntryPoint","urlTemplate":"https:\/\/gikavi.com\/?s={search_term_string}"},"query-input":{"@type":"PropertyValueSpecification","valueRequired":true,"valueName":"search_term_string"}}],"inLanguage":"fr-FR"},{"@type":"Organization","@id":"https:\/\/gikavi.com\/#organization","name":"Gikavi","url":"https:\/\/gikavi.com\/","logo":{"@type":"ImageObject","inLanguage":"fr-FR","@id":"https:\/\/gikavi.com\/#\/schema\/logo\/image\/","url":"https:\/\/gikavi.com\/app\/uploads\/2021\/09\/Gikavi_Logo_BLACK.png","contentUrl":"https:\/\/gikavi.com\/app\/uploads\/2021\/09\/Gikavi_Logo_BLACK.png","width":2592,"height":1053,"caption":"Gikavi"},"image":{"@id":"https:\/\/gikavi.com\/#\/schema\/logo\/image\/"}}]}},"_links":{"self":[{"href":"https:\/\/gikavi.com\/fr\/wp-json\/wp\/v2\/pages\/2898","targetHints":{"allow":["GET"]}}],"collection":[{"href":"https:\/\/gikavi.com\/fr\/wp-json\/wp\/v2\/pages"}],"about":[{"href":"https:\/\/gikavi.com\/fr\/wp-json\/wp\/v2\/types\/page"}],"author":[{"embeddable":true,"href":"https:\/\/gikavi.com\/fr\/wp-json\/wp\/v2\/users\/21"}],"replies":[{"embeddable":true,"href":"https:\/\/gikavi.com\/fr\/wp-json\/wp\/v2\/comments?post=2898"}],"version-history":[{"count":0,"href":"https:\/\/gikavi.com\/fr\/wp-json\/wp\/v2\/pages\/2898\/revisions"}],"wp:attachment":[{"href":"https:\/\/gikavi.com\/fr\/wp-json\/wp\/v2\/media?parent=2898"}],"curies":[{"name":"wp","href":"https:\/\/api.w.org\/{rel}","templated":true}]}}