{"id":2909,"date":"2021-10-20T13:36:35","date_gmt":"2021-10-20T13:36:35","guid":{"rendered":"https:\/\/gikavi.com\/voor-professionals\/"},"modified":"2022-03-09T12:29:10","modified_gmt":"2022-03-09T12:29:10","slug":"espace-professionnel","status":"publish","type":"page","link":"https:\/\/gikavi.com\/fr\/espace-professionnel\/","title":{"rendered":"Espace professionnel"},"content":{"rendered":"\t\t<div data-elementor-type=\"wp-page\" data-elementor-id=\"2909\" class=\"elementor elementor-2909 elementor-1695\" data-elementor-post-type=\"page\">\n\t\t\t\t\t\t<section class=\"elementor-section elementor-top-section elementor-element elementor-element-7ff8ade9 elementor-section-boxed elementor-section-height-default elementor-section-height-default\" data-id=\"7ff8ade9\" data-element_type=\"section\" data-settings=\"{&quot;background_background&quot;:&quot;classic&quot;}\">\n\t\t\t\t\t\t<div class=\"elementor-container elementor-column-gap-default\">\n\t\t\t\t\t<div class=\"elementor-column elementor-col-100 elementor-top-column elementor-element elementor-element-1c6c263b\" data-id=\"1c6c263b\" data-element_type=\"column\">\n\t\t\t<div class=\"elementor-widget-wrap elementor-element-populated\">\n\t\t\t\t\t\t<div class=\"elementor-element elementor-element-590b5e0c elementor-widget elementor-widget-heading\" data-id=\"590b5e0c\" data-element_type=\"widget\" data-widget_type=\"heading.default\">\n\t\t\t\t<div class=\"elementor-widget-container\">\n\t\t\t<h2 class=\"elementor-heading-title elementor-size-default\">Informations pour les professionnels de sant\u00e9<\/h2>\t\t<\/div>\n\t\t\t\t<\/div>\n\t\t\t\t<div class=\"elementor-element elementor-element-383d86dd elementor-widget elementor-widget-text-editor\" data-id=\"383d86dd\" data-element_type=\"widget\" data-widget_type=\"text-editor.default\">\n\t\t\t\t<div class=\"elementor-widget-container\">\n\t\t\t\t\t\t\t<p><span class=\"NormalTextRun  BCX0 SCXW46780473\">Vous\u00a0<\/span><span class=\"NormalTextRun  BCX0 SCXW46780473\">\u00eates<\/span><span class=\"NormalTextRun  BCX0 SCXW46780473\">\u00a0un professionnel\u00a0<\/span><span class=\"NormalTextRun  BCX0 SCXW46780473\">de\u00a0<\/span><span class=\"NormalTextRun  BCX0 SCXW46780473\">sant\u00e9 et vous\u00a0<\/span><span class=\"NormalTextRun  BCX0 SCXW46780473\">souhaitez\u00a0<\/span><strong><span class=\"NormalTextRun  BCX0 SCXW46780473\">plus d<\/span><span class=\"NormalTextRun  BCX0 SCXW46780473\">\u2019<\/span><\/strong><span class=\"NormalTextRun  BCX0 SCXW46780473\"><strong>informations<\/strong> sur\u00a0<\/span><span class=\"SpellingError  BCX0 SCXW46780473\">Gikavi<\/span><span class=\"NormalTextRun  BCX0 SCXW46780473\">\u00a0? No<\/span><span class=\"NormalTextRun  BCX0 SCXW46780473\">s sp\u00e9cialistes produits aimeraient vous en dire plus<\/span><span class=\"NormalTextRun  BCX0 SCXW46780473\">.\u00a0<\/span><span class=\"NormalTextRun  BCX0 SCXW46780473\">Veuillez\u00a0<\/span><strong><span class=\"NormalTextRun  BCX0 SCXW46780473\">remplir<\/span><span class=\"NormalTextRun  BCX0 SCXW46780473\">\u00a0<\/span><span class=\"NormalTextRun  BCX0 SCXW46780473\">le formulaire<\/span><\/strong><span class=\"NormalTextRun  BCX0 SCXW46780473\"><strong>\u00a0ci-dessous<\/strong> et nous vous\u00a0<\/span><span class=\"NormalTextRun  BCX0 SCXW46780473\">contacterons<\/span><span class=\"NormalTextRun  BCX0 SCXW46780473\">\u00a0dans les plus brefs d\u00e9lais.<\/span><\/p>\t\t\t\t\t\t<\/div>\n\t\t\t\t<\/div>\n\t\t\t\t<div class=\"elementor-element elementor-element-4d5f1368 elementor-widget elementor-widget-heading\" data-id=\"4d5f1368\" data-element_type=\"widget\" data-widget_type=\"heading.default\">\n\t\t\t\t<div class=\"elementor-widget-container\">\n\t\t\t<h3 class=\"elementor-heading-title elementor-size-default\">Veuillez nous contacter<\/h3>\t\t<\/div>\n\t\t\t\t<\/div>\n\t\t\t\t<div class=\"elementor-element elementor-element-66c8fd5a elementor-button-align-center gkv-cstm_form elementor-widget elementor-widget-form\" data-id=\"66c8fd5a\" data-element_type=\"widget\" data-settings=\"{&quot;step_next_label&quot;:&quot;Volgende&quot;,&quot;step_previous_label&quot;:&quot;Vorige&quot;,&quot;button_width&quot;:&quot;100&quot;,&quot;step_type&quot;:&quot;number_text&quot;,&quot;step_icon_shape&quot;:&quot;circle&quot;}\" data-widget_type=\"form.default\">\n\t\t\t\t<div class=\"elementor-widget-container\">\n\t\t\t\t\t<form class=\"elementor-form\" method=\"post\" name=\"Klantenservice\">\n\t\t\t<input type=\"hidden\" name=\"post_id\" value=\"2909\"\/>\n\t\t\t<input type=\"hidden\" name=\"form_id\" value=\"66c8fd5a\"\/>\n\t\t\t<input type=\"hidden\" name=\"referer_title\" value=\"Gikavi\" \/>\n\n\t\t\t\n\t\t\t<div class=\"elementor-form-fields-wrapper elementor-labels-above\">\n\t\t\t\t\t\t\t\t<div class=\"elementor-field-type-text elementor-field-group elementor-column elementor-field-group-name elementor-col-100 elementor-field-required\">\n\t\t\t\t\t\t\t\t\t\t\t\t<label for=\"form-field-name\" class=\"elementor-field-label\">\n\t\t\t\t\t\t\t\tNom\t\t\t\t\t\t\t<\/label>\n\t\t\t\t\t\t\t\t\t\t\t\t\t\t<input size=\"1\" type=\"text\" name=\"form_fields[name]\" id=\"form-field-name\" class=\"elementor-field elementor-size-sm  elementor-field-textual\" placeholder=\"Nom et pr\u00e9nom\" required=\"required\" aria-required=\"true\">\n\t\t\t\t\t\t\t\t\t\t\t<\/div>\n\t\t\t\t\t\t\t\t<div class=\"elementor-field-type-email elementor-field-group elementor-column elementor-field-group-email elementor-col-100 elementor-field-required\">\n\t\t\t\t\t\t\t\t\t\t\t\t<label for=\"form-field-email\" class=\"elementor-field-label\">\n\t\t\t\t\t\t\t\tAdresse email \t\t\t\t\t\t\t<\/label>\n\t\t\t\t\t\t\t\t\t\t\t\t\t\t<input size=\"1\" type=\"email\" name=\"form_fields[email]\" id=\"form-field-email\" class=\"elementor-field elementor-size-sm  elementor-field-textual\" placeholder=\"email@adres.com\" required=\"required\" aria-required=\"true\">\n\t\t\t\t\t\t\t\t\t\t\t<\/div>\n\t\t\t\t\t\t\t\t<div class=\"elementor-field-type-text elementor-field-group elementor-column elementor-field-group-field_b5ac664 elementor-col-100\">\n\t\t\t\t\t\t\t\t\t\t\t\t<label for=\"form-field-field_b5ac664\" class=\"elementor-field-label\">\n\t\t\t\t\t\t\t\tNum\u00e9ro de t\u00e9l\u00e9phone\t\t\t\t\t\t\t<\/label>\n\t\t\t\t\t\t\t\t\t\t\t\t\t\t<input size=\"1\" type=\"text\" name=\"form_fields[field_b5ac664]\" id=\"form-field-field_b5ac664\" class=\"elementor-field elementor-size-sm  elementor-field-textual\" placeholder=\"XX - XX XX XX XX\">\n\t\t\t\t\t\t\t\t\t\t\t<\/div>\n\t\t\t\t\t\t\t\t<div class=\"elementor-field-type-text elementor-field-group elementor-column elementor-field-group-field_a85e9c2 elementor-col-100 elementor-field-required\">\n\t\t\t\t\t\t\t\t\t\t\t\t<label for=\"form-field-field_a85e9c2\" class=\"elementor-field-label\">\n\t\t\t\t\t\t\t\tPays\t\t\t\t\t\t\t<\/label>\n\t\t\t\t\t\t\t\t\t\t\t\t\t\t<input size=\"1\" type=\"text\" name=\"form_fields[field_a85e9c2]\" id=\"form-field-field_a85e9c2\" class=\"elementor-field elementor-size-sm  elementor-field-textual\" placeholder=\"Dans quel pays vivez-vous ? \" required=\"required\" aria-required=\"true\">\n\t\t\t\t\t\t\t\t\t\t\t<\/div>\n\t\t\t\t\t\t\t\t<div class=\"elementor-field-type-text elementor-field-group elementor-column elementor-field-group-field_0796f58 elementor-col-100 elementor-field-required\">\n\t\t\t\t\t\t\t\t\t\t\t\t<label for=\"form-field-field_0796f58\" class=\"elementor-field-label\">\n\t\t\t\t\t\t\t\tObjet\t\t\t\t\t\t\t<\/label>\n\t\t\t\t\t\t\t\t\t\t\t\t\t\t<input size=\"1\" type=\"text\" name=\"form_fields[field_0796f58]\" id=\"form-field-field_0796f58\" class=\"elementor-field elementor-size-sm  elementor-field-textual\" placeholder=\"Objet de votre question\" required=\"required\" aria-required=\"true\">\n\t\t\t\t\t\t\t\t\t\t\t<\/div>\n\t\t\t\t\t\t\t\t<div class=\"elementor-field-type-textarea elementor-field-group elementor-column elementor-field-group-message elementor-col-100\">\n\t\t\t\t\t\t\t\t\t\t\t\t<label for=\"form-field-message\" class=\"elementor-field-label\">\n\t\t\t\t\t\t\t\tMessage\t\t\t\t\t\t\t<\/label>\n\t\t\t\t\t\t<textarea class=\"elementor-field-textual elementor-field  elementor-size-sm\" name=\"form_fields[message]\" id=\"form-field-message\" rows=\"5\" placeholder=\"Ecrivez votre message ici\"><\/textarea>\t\t\t\t<\/div>\n\t\t\t\t\t\t\t\t<div class=\"elementor-field-group elementor-column elementor-field-type-submit elementor-col-100 e-form__buttons\">\n\t\t\t\t\t<button type=\"submit\" class=\"elementor-button elementor-size-lg\">\n\t\t\t\t\t\t<span >\n\t\t\t\t\t\t\t\t\t\t\t\t\t\t\t<span class=\" elementor-button-icon\">\n\t\t\t\t\t\t\t\t\t\t\t\t\t\t\t\t\t\t\t\t\t\t\t\t\t\t<\/span>\n\t\t\t\t\t\t\t\t\t\t\t\t\t\t\t\t\t\t\t\t\t\t<span class=\"elementor-button-text\">Envoyer<\/span>\n\t\t\t\t\t\t\t\t\t\t\t\t\t<\/span>\n\t\t\t\t\t<\/button>\n\t\t\t\t<\/div>\n\t\t\t<\/div>\n\t\t<\/form>\n\t\t\t\t<\/div>\n\t\t\t\t<\/div>\n\t\t\t\t<section class=\"elementor-section elementor-inner-section elementor-element elementor-element-2818b61c elementor-section-full_width elementor-section-height-default elementor-section-height-default\" data-id=\"2818b61c\" data-element_type=\"section\">\n\t\t\t\t\t\t<div class=\"elementor-container elementor-column-gap-default\">\n\t\t\t\t\t<div class=\"elementor-column elementor-col-50 elementor-inner-column elementor-element elementor-element-73b4ff98\" data-id=\"73b4ff98\" data-element_type=\"column\">\n\t\t\t<div class=\"elementor-widget-wrap elementor-element-populated\">\n\t\t\t\t\t\t<div class=\"elementor-element elementor-element-3fd26c4f elementor-widget elementor-widget-heading\" data-id=\"3fd26c4f\" data-element_type=\"widget\" data-widget_type=\"heading.default\">\n\t\t\t\t<div class=\"elementor-widget-container\">\n\t\t\t<h3 class=\"elementor-heading-title elementor-size-default\">Vous pr\u00e9f\u00e9rez nous contacter par t\u00e9l\u00e9phone ?<\/h3>\t\t<\/div>\n\t\t\t\t<\/div>\n\t\t\t\t<div class=\"elementor-element elementor-element-79424e86 elementor-widget elementor-widget-text-editor\" data-id=\"79424e86\" data-element_type=\"widget\" data-widget_type=\"text-editor.default\">\n\t\t\t\t<div class=\"elementor-widget-container\">\n\t\t\t\t\t\t\t<p><b><span data-contrast=\"auto\">Disponible :\u00a0<\/span><\/b><span data-contrast=\"auto\">Du lundi au vendredi, de 09h00 \u00e0 12h00<\/span><span data-ccp-props=\"{}\">\u00a0<br \/><\/span><b><span data-contrast=\"auto\">T\u00e9l\u00e9phone :\u00a0<\/span><\/b>0033 186 477 262<span class=\"Apple-converted-space\">\u00a0<\/span><\/p>\t\t\t\t\t\t<\/div>\n\t\t\t\t<\/div>\n\t\t\t\t\t<\/div>\n\t\t<\/div>\n\t\t\t\t<div class=\"elementor-column elementor-col-50 elementor-inner-column elementor-element elementor-element-2782be2b\" data-id=\"2782be2b\" data-element_type=\"column\">\n\t\t\t<div class=\"elementor-widget-wrap elementor-element-populated\">\n\t\t\t\t\t\t<div class=\"elementor-element elementor-element-ed56867 elementor-widget elementor-widget-image\" data-id=\"ed56867\" data-element_type=\"widget\" data-widget_type=\"image.default\">\n\t\t\t\t<div class=\"elementor-widget-container\">\n\t\t\t\t\t\t\t\t\t\t\t\t\t<img fetchpriority=\"high\" decoding=\"async\" width=\"396\" height=\"396\" src=\"https:\/\/gikavi.com\/app\/uploads\/2022\/02\/man_Gikavi_supplements.png\" class=\"attachment-large size-large wp-image-8047\" alt=\"man Gikavi\" \/>\t\t\t\t\t\t\t\t\t\t\t\t\t<\/div>\n\t\t\t\t<\/div>\n\t\t\t\t\t<\/div>\n\t\t<\/div>\n\t\t\t\t\t<\/div>\n\t\t<\/section>\n\t\t\t\t\t<\/div>\n\t\t<\/div>\n\t\t\t\t\t<\/div>\n\t\t<\/section>\n\t\t\t\t<\/div>\n\t\t","protected":false},"excerpt":{"rendered":"<p>Informations pour les professionnels de sant\u00e9 Vous\u00a0\u00eates\u00a0un professionnel\u00a0de\u00a0sant\u00e9 et vous\u00a0souhaitez\u00a0plus d\u2019informations sur\u00a0Gikavi\u00a0? Nos sp\u00e9cialistes produits aimeraient vous en dire plus.\u00a0Veuillez\u00a0remplir\u00a0le formulaire\u00a0ci-dessous et nous vous\u00a0contacterons\u00a0dans les plus brefs d\u00e9lais. Veuillez nous contacter Vous pr\u00e9f\u00e9rez nous contacter par t\u00e9l\u00e9phone ? Disponible :\u00a0Du lundi au vendredi, de 09h00 \u00e0 12h00\u00a0T\u00e9l\u00e9phone :\u00a00033 186 477 262\u00a0<\/p>\n","protected":false},"author":21,"featured_media":0,"parent":0,"menu_order":0,"comment_status":"closed","ping_status":"closed","template":"page-templates\/template-pagebuilder-full-width.php","meta":{"_acf_changed":false,"neve_meta_sidebar":"","neve_meta_container":"","neve_meta_enable_content_width":"","neve_meta_content_width":0,"neve_meta_title_alignment":"","neve_meta_author_avatar":"","neve_post_elements_order":"","neve_meta_disable_header":"","neve_meta_disable_footer":"","neve_meta_disable_title":"","footnotes":""},"class_list":["post-2909","page","type-page","status-publish","hentry"],"acf":[],"yoast_head":"<!-- This site is optimized with the Yoast SEO plugin v27.1.1 - https:\/\/yoast.com\/product\/yoast-seo-wordpress\/ -->\n<title>Informations pour les professionnels de la sant\u00e9 | Gikavi<\/title>\n<meta name=\"description\" content=\"Vous \u00eates dans le parcours de soin et vous aimeriez avoir plus d\u2019informations sur Gikavi ? Veuillez nous en faire part.\" \/>\n<meta name=\"robots\" content=\"index, follow, max-snippet:-1, max-image-preview:large, max-video-preview:-1\" \/>\n<link rel=\"canonical\" href=\"https:\/\/gikavi.com\/fr\/espace-professionnel\/\" \/>\n<meta property=\"og:locale\" content=\"fr_FR\" \/>\n<meta property=\"og:type\" content=\"article\" \/>\n<meta property=\"og:title\" content=\"Informations pour les professionnels de la sant\u00e9 | Gikavi\" \/>\n<meta property=\"og:description\" content=\"Vous \u00eates dans le parcours de soin et vous aimeriez avoir plus d\u2019informations sur Gikavi ? Veuillez nous en faire part.\" \/>\n<meta property=\"og:url\" content=\"https:\/\/gikavi.com\/fr\/espace-professionnel\/\" \/>\n<meta property=\"og:site_name\" content=\"Gikavi\" \/>\n<meta property=\"article:modified_time\" content=\"2022-03-09T12:29:10+00:00\" \/>\n<meta property=\"og:image\" content=\"https:\/\/gikavi.com\/app\/uploads\/2022\/02\/man_Gikavi_supplements.png\" \/>\n<meta name=\"twitter:card\" content=\"summary_large_image\" \/>\n<meta name=\"twitter:label1\" content=\"Est. reading time\" \/>\n\t<meta name=\"twitter:data1\" content=\"1 minute\" \/>\n<script type=\"application\/ld+json\" class=\"yoast-schema-graph\">{\"@context\":\"https:\/\/schema.org\",\"@graph\":[{\"@type\":\"WebPage\",\"@id\":\"https:\/\/gikavi.com\/fr\/espace-professionnel\/\",\"url\":\"https:\/\/gikavi.com\/fr\/espace-professionnel\/\",\"name\":\"Informations pour les professionnels de la sant\u00e9 | Gikavi\",\"isPartOf\":{\"@id\":\"https:\/\/gikavi.com\/#website\"},\"primaryImageOfPage\":{\"@id\":\"https:\/\/gikavi.com\/fr\/espace-professionnel\/#primaryimage\"},\"image\":{\"@id\":\"https:\/\/gikavi.com\/fr\/espace-professionnel\/#primaryimage\"},\"thumbnailUrl\":\"https:\/\/gikavi.com\/app\/uploads\/2022\/02\/man_Gikavi_supplements.png\",\"datePublished\":\"2021-10-20T13:36:35+00:00\",\"dateModified\":\"2022-03-09T12:29:10+00:00\",\"description\":\"Vous \u00eates dans le parcours de soin et vous aimeriez avoir plus d\u2019informations sur Gikavi ? Veuillez nous en faire part.\",\"breadcrumb\":{\"@id\":\"https:\/\/gikavi.com\/fr\/espace-professionnel\/#breadcrumb\"},\"inLanguage\":\"fr-FR\",\"potentialAction\":[{\"@type\":\"ReadAction\",\"target\":[\"https:\/\/gikavi.com\/fr\/espace-professionnel\/\"]}]},{\"@type\":\"ImageObject\",\"inLanguage\":\"fr-FR\",\"@id\":\"https:\/\/gikavi.com\/fr\/espace-professionnel\/#primaryimage\",\"url\":\"https:\/\/gikavi.com\/app\/uploads\/2022\/02\/man_Gikavi_supplements.png\",\"contentUrl\":\"https:\/\/gikavi.com\/app\/uploads\/2022\/02\/man_Gikavi_supplements.png\"},{\"@type\":\"BreadcrumbList\",\"@id\":\"https:\/\/gikavi.com\/fr\/espace-professionnel\/#breadcrumb\",\"itemListElement\":[{\"@type\":\"ListItem\",\"position\":1,\"name\":\"Home\",\"item\":\"https:\/\/gikavi.com\/nl\/\"},{\"@type\":\"ListItem\",\"position\":2,\"name\":\"Espace professionnel\"}]},{\"@type\":\"WebSite\",\"@id\":\"https:\/\/gikavi.com\/#website\",\"url\":\"https:\/\/gikavi.com\/\",\"name\":\"Gikavi\",\"description\":\"Supportive Supplements\",\"publisher\":{\"@id\":\"https:\/\/gikavi.com\/#organization\"},\"potentialAction\":[{\"@type\":\"SearchAction\",\"target\":{\"@type\":\"EntryPoint\",\"urlTemplate\":\"https:\/\/gikavi.com\/?s={search_term_string}\"},\"query-input\":{\"@type\":\"PropertyValueSpecification\",\"valueRequired\":true,\"valueName\":\"search_term_string\"}}],\"inLanguage\":\"fr-FR\"},{\"@type\":\"Organization\",\"@id\":\"https:\/\/gikavi.com\/#organization\",\"name\":\"Gikavi\",\"url\":\"https:\/\/gikavi.com\/\",\"logo\":{\"@type\":\"ImageObject\",\"inLanguage\":\"fr-FR\",\"@id\":\"https:\/\/gikavi.com\/#\/schema\/logo\/image\/\",\"url\":\"https:\/\/gikavi.com\/app\/uploads\/2021\/09\/Gikavi_Logo_BLACK.png\",\"contentUrl\":\"https:\/\/gikavi.com\/app\/uploads\/2021\/09\/Gikavi_Logo_BLACK.png\",\"width\":2592,\"height\":1053,\"caption\":\"Gikavi\"},\"image\":{\"@id\":\"https:\/\/gikavi.com\/#\/schema\/logo\/image\/\"}}]}<\/script>\n<!-- \/ Yoast SEO plugin. -->","yoast_head_json":{"title":"Informations pour les professionnels de la sant\u00e9 | Gikavi","description":"Vous \u00eates dans le parcours de soin et vous aimeriez avoir plus d\u2019informations sur Gikavi ? Veuillez nous en faire part.","robots":{"index":"index","follow":"follow","max-snippet":"max-snippet:-1","max-image-preview":"max-image-preview:large","max-video-preview":"max-video-preview:-1"},"canonical":"https:\/\/gikavi.com\/fr\/espace-professionnel\/","og_locale":"fr_FR","og_type":"article","og_title":"Informations pour les professionnels de la sant\u00e9 | Gikavi","og_description":"Vous \u00eates dans le parcours de soin et vous aimeriez avoir plus d\u2019informations sur Gikavi ? Veuillez nous en faire part.","og_url":"https:\/\/gikavi.com\/fr\/espace-professionnel\/","og_site_name":"Gikavi","article_modified_time":"2022-03-09T12:29:10+00:00","og_image":[{"url":"https:\/\/gikavi.com\/app\/uploads\/2022\/02\/man_Gikavi_supplements.png","type":"","width":"","height":""}],"twitter_card":"summary_large_image","twitter_misc":{"Est. reading time":"1 minute"},"schema":{"@context":"https:\/\/schema.org","@graph":[{"@type":"WebPage","@id":"https:\/\/gikavi.com\/fr\/espace-professionnel\/","url":"https:\/\/gikavi.com\/fr\/espace-professionnel\/","name":"Informations pour les professionnels de la sant\u00e9 | Gikavi","isPartOf":{"@id":"https:\/\/gikavi.com\/#website"},"primaryImageOfPage":{"@id":"https:\/\/gikavi.com\/fr\/espace-professionnel\/#primaryimage"},"image":{"@id":"https:\/\/gikavi.com\/fr\/espace-professionnel\/#primaryimage"},"thumbnailUrl":"https:\/\/gikavi.com\/app\/uploads\/2022\/02\/man_Gikavi_supplements.png","datePublished":"2021-10-20T13:36:35+00:00","dateModified":"2022-03-09T12:29:10+00:00","description":"Vous \u00eates dans le parcours de soin et vous aimeriez avoir plus d\u2019informations sur Gikavi ? Veuillez nous en faire part.","breadcrumb":{"@id":"https:\/\/gikavi.com\/fr\/espace-professionnel\/#breadcrumb"},"inLanguage":"fr-FR","potentialAction":[{"@type":"ReadAction","target":["https:\/\/gikavi.com\/fr\/espace-professionnel\/"]}]},{"@type":"ImageObject","inLanguage":"fr-FR","@id":"https:\/\/gikavi.com\/fr\/espace-professionnel\/#primaryimage","url":"https:\/\/gikavi.com\/app\/uploads\/2022\/02\/man_Gikavi_supplements.png","contentUrl":"https:\/\/gikavi.com\/app\/uploads\/2022\/02\/man_Gikavi_supplements.png"},{"@type":"BreadcrumbList","@id":"https:\/\/gikavi.com\/fr\/espace-professionnel\/#breadcrumb","itemListElement":[{"@type":"ListItem","position":1,"name":"Home","item":"https:\/\/gikavi.com\/nl\/"},{"@type":"ListItem","position":2,"name":"Espace professionnel"}]},{"@type":"WebSite","@id":"https:\/\/gikavi.com\/#website","url":"https:\/\/gikavi.com\/","name":"Gikavi","description":"Supportive Supplements","publisher":{"@id":"https:\/\/gikavi.com\/#organization"},"potentialAction":[{"@type":"SearchAction","target":{"@type":"EntryPoint","urlTemplate":"https:\/\/gikavi.com\/?s={search_term_string}"},"query-input":{"@type":"PropertyValueSpecification","valueRequired":true,"valueName":"search_term_string"}}],"inLanguage":"fr-FR"},{"@type":"Organization","@id":"https:\/\/gikavi.com\/#organization","name":"Gikavi","url":"https:\/\/gikavi.com\/","logo":{"@type":"ImageObject","inLanguage":"fr-FR","@id":"https:\/\/gikavi.com\/#\/schema\/logo\/image\/","url":"https:\/\/gikavi.com\/app\/uploads\/2021\/09\/Gikavi_Logo_BLACK.png","contentUrl":"https:\/\/gikavi.com\/app\/uploads\/2021\/09\/Gikavi_Logo_BLACK.png","width":2592,"height":1053,"caption":"Gikavi"},"image":{"@id":"https:\/\/gikavi.com\/#\/schema\/logo\/image\/"}}]}},"_links":{"self":[{"href":"https:\/\/gikavi.com\/fr\/wp-json\/wp\/v2\/pages\/2909","targetHints":{"allow":["GET"]}}],"collection":[{"href":"https:\/\/gikavi.com\/fr\/wp-json\/wp\/v2\/pages"}],"about":[{"href":"https:\/\/gikavi.com\/fr\/wp-json\/wp\/v2\/types\/page"}],"author":[{"embeddable":true,"href":"https:\/\/gikavi.com\/fr\/wp-json\/wp\/v2\/users\/21"}],"replies":[{"embeddable":true,"href":"https:\/\/gikavi.com\/fr\/wp-json\/wp\/v2\/comments?post=2909"}],"version-history":[{"count":0,"href":"https:\/\/gikavi.com\/fr\/wp-json\/wp\/v2\/pages\/2909\/revisions"}],"wp:attachment":[{"href":"https:\/\/gikavi.com\/fr\/wp-json\/wp\/v2\/media?parent=2909"}],"curies":[{"name":"wp","href":"https:\/\/api.w.org\/{rel}","templated":true}]}}