{"id":2912,"date":"2021-10-20T12:58:37","date_gmt":"2021-10-20T12:58:37","guid":{"rendered":"https:\/\/gikavi.com\/klantenservice\/"},"modified":"2022-03-02T10:47:50","modified_gmt":"2022-03-02T10:47:50","slug":"service-client","status":"publish","type":"page","link":"https:\/\/gikavi.com\/fr\/service-client\/","title":{"rendered":"Service client"},"content":{"rendered":"\t\t<div data-elementor-type=\"wp-page\" data-elementor-id=\"2912\" class=\"elementor elementor-2912 elementor-1664\" data-elementor-post-type=\"page\">\n\t\t\t\t\t\t<section class=\"elementor-section elementor-top-section elementor-element elementor-element-17e5f8b1 elementor-section-boxed elementor-section-height-default elementor-section-height-default\" data-id=\"17e5f8b1\" data-element_type=\"section\" data-settings=\"{&quot;background_background&quot;:&quot;classic&quot;}\">\n\t\t\t\t\t\t<div class=\"elementor-container elementor-column-gap-default\">\n\t\t\t\t\t<div class=\"elementor-column elementor-col-100 elementor-top-column elementor-element elementor-element-2f02ee24\" data-id=\"2f02ee24\" data-element_type=\"column\">\n\t\t\t<div class=\"elementor-widget-wrap elementor-element-populated\">\n\t\t\t\t\t\t<div class=\"elementor-element elementor-element-602975a0 elementor-widget elementor-widget-heading\" data-id=\"602975a0\" data-element_type=\"widget\" data-widget_type=\"heading.default\">\n\t\t\t\t<div class=\"elementor-widget-container\">\n\t\t\t<h2 class=\"elementor-heading-title elementor-size-default\">Nous vous proposons notre aide<\/h2>\t\t<\/div>\n\t\t\t\t<\/div>\n\t\t\t\t<div class=\"elementor-element elementor-element-7d183528 elementor-widget elementor-widget-text-editor\" data-id=\"7d183528\" data-element_type=\"widget\" data-widget_type=\"text-editor.default\">\n\t\t\t\t<div class=\"elementor-widget-container\">\n\t\t\t\t\t\t\t<p><span class=\"LineBreakBlob BlobObject DragDrop SCXW73589093 BCX0\"><span class=\"SCXW73589093 BCX0\">\u00a0<\/span><\/span><span class=\"TextRun SCXW73589093 BCX0\" lang=\"FR-FR\" xml:lang=\"FR-FR\" data-contrast=\"none\"><span class=\"NormalTextRun SCXW73589093 BCX0\">Afin de vous venir en aide, nous av<\/span><span class=\"NormalTextRun SCXW73589093 BCX0\">ons<\/span><span class=\"NormalTextRun SCXW73589093 BCX0\">\u00a0pris soin de r\u00e9pondre \u00e0 un certain nombre de questions sur <a href=\"https:\/\/gikavi.com\/fr\/faq\/\" target=\"_blank\" rel=\"noopener\">la page FAQ<\/a>.\u00a0<\/span><span class=\"NormalTextRun SCXW73589093 BCX0\">Vous avez<\/span><span class=\"NormalTextRun SCXW73589093 BCX0\">\u00a0une autre question ? Sachez que notre groupe de di\u00e9t\u00e9ticiens(nes)- nutritionnistes et de professionnels se feront un r\u00e9el plaisir de vous aider.<\/span><span class=\"NormalTextRun SCXW73589093 BCX0\">\u00a0Notre exp\u00e9rience nous permet de vous fournir une r\u00e9ponse claire<\/span><span class=\"NormalTextRun SCXW73589093 BCX0\">.<\/span><\/span><\/p>\t\t\t\t\t\t<\/div>\n\t\t\t\t<\/div>\n\t\t\t\t<div class=\"elementor-element elementor-element-2abef74e elementor-widget elementor-widget-spacer\" data-id=\"2abef74e\" data-element_type=\"widget\" data-widget_type=\"spacer.default\">\n\t\t\t\t<div class=\"elementor-widget-container\">\n\t\t\t\t\t<div class=\"elementor-spacer\">\n\t\t\t<div class=\"elementor-spacer-inner\"><\/div>\n\t\t<\/div>\n\t\t\t\t<\/div>\n\t\t\t\t<\/div>\n\t\t\t\t<section class=\"elementor-section elementor-inner-section elementor-element elementor-element-3ebcaadf elementor-section-boxed elementor-section-height-default elementor-section-height-default\" data-id=\"3ebcaadf\" data-element_type=\"section\">\n\t\t\t\t\t\t<div class=\"elementor-container elementor-column-gap-default\">\n\t\t\t\t\t<div class=\"elementor-column elementor-col-50 elementor-inner-column elementor-element elementor-element-1a3a9ac2\" data-id=\"1a3a9ac2\" data-element_type=\"column\">\n\t\t\t<div class=\"elementor-widget-wrap elementor-element-populated\">\n\t\t\t\t\t\t<div class=\"elementor-element elementor-element-4becdda elementor-widget elementor-widget-image\" data-id=\"4becdda\" data-element_type=\"widget\" data-widget_type=\"image.default\">\n\t\t\t\t<div class=\"elementor-widget-container\">\n\t\t\t\t\t\t\t\t\t\t\t\t\t<img fetchpriority=\"high\" decoding=\"async\" width=\"1024\" height=\"1024\" src=\"https:\/\/gikavi.com\/app\/uploads\/2021\/10\/gikavi_gikavi_multi_supplementen.png\" class=\"attachment-large size-large wp-image-1759\" alt=\"\" \/>\t\t\t\t\t\t\t\t\t\t\t\t\t<\/div>\n\t\t\t\t<\/div>\n\t\t\t\t\t<\/div>\n\t\t<\/div>\n\t\t\t\t<div class=\"elementor-column elementor-col-50 elementor-inner-column elementor-element elementor-element-a8e0640\" data-id=\"a8e0640\" data-element_type=\"column\">\n\t\t\t<div class=\"elementor-widget-wrap elementor-element-populated\">\n\t\t\t\t\t\t<div class=\"elementor-element elementor-element-6145733c elementor-widget elementor-widget-heading\" data-id=\"6145733c\" data-element_type=\"widget\" data-widget_type=\"heading.default\">\n\t\t\t\t<div class=\"elementor-widget-container\">\n\t\t\t<h3 class=\"elementor-heading-title elementor-size-default\">Conseils individuels gratuits d\u2019un di\u00e9t\u00e9ticien(ne)-nutritionniste<\/h3>\t\t<\/div>\n\t\t\t\t<\/div>\n\t\t\t\t<div class=\"elementor-element elementor-element-cec6193 elementor-widget elementor-widget-text-editor\" data-id=\"cec6193\" data-element_type=\"widget\" data-widget_type=\"text-editor.default\">\n\t\t\t\t<div class=\"elementor-widget-container\">\n\t\t\t\t\t\t\t<p><span class=\"TextRun SCXW72110228 BCX0\" lang=\"FR-FR\" xml:lang=\"FR-FR\" data-contrast=\"none\"><span class=\"NormalTextRun SCXW72110228 BCX0\">Planifiez un rendez-vous gratuit avec un di\u00e9t\u00e9ticien(ne)-nutritionniste. Il vous suffit de choisir &#8220;<strong>planifier une consultation gratuite<\/strong>&#8221; dans le formulaire ci-dessous et de sp\u00e9cifier la date et l<\/span><span class=\"NormalTextRun SCXW72110228 BCX0\">\u2019<\/span><span class=\"NormalTextRun SCXW72110228 BCX0\">heure souhait\u00e9es pour la consultation dans votre message<\/span><\/span><span class=\"TextRun SCXW72110228 BCX0\" lang=\"FR-FR\" xml:lang=\"FR-FR\" data-contrast=\"auto\"><span class=\"NormalTextRun SCXW72110228 BCX0\">.<\/span><\/span><span class=\"EOP SCXW72110228 BCX0\" data-ccp-props=\"{}\">\u00a0<\/span><\/p>\t\t\t\t\t\t<\/div>\n\t\t\t\t<\/div>\n\t\t\t\t\t<\/div>\n\t\t<\/div>\n\t\t\t\t\t<\/div>\n\t\t<\/section>\n\t\t\t\t<div class=\"elementor-element elementor-element-854bdd2 elementor-widget elementor-widget-heading\" data-id=\"854bdd2\" data-element_type=\"widget\" data-widget_type=\"heading.default\">\n\t\t\t\t<div class=\"elementor-widget-container\">\n\t\t\t<h3 class=\"elementor-heading-title elementor-size-default\">Veuillez nous contacter<\/h3>\t\t<\/div>\n\t\t\t\t<\/div>\n\t\t\t\t<div class=\"elementor-element elementor-element-bad9f96 elementor-button-align-center gkv-cstm_form elementor-widget elementor-widget-form\" data-id=\"bad9f96\" data-element_type=\"widget\" data-settings=\"{&quot;step_next_label&quot;:&quot;Volgende&quot;,&quot;step_previous_label&quot;:&quot;Vorige&quot;,&quot;button_width&quot;:&quot;100&quot;,&quot;step_type&quot;:&quot;number_text&quot;,&quot;step_icon_shape&quot;:&quot;circle&quot;}\" data-widget_type=\"form.default\">\n\t\t\t\t<div class=\"elementor-widget-container\">\n\t\t\t\t\t<form class=\"elementor-form\" method=\"post\" name=\"Klantenservice\">\n\t\t\t<input type=\"hidden\" name=\"post_id\" value=\"2912\"\/>\n\t\t\t<input type=\"hidden\" name=\"form_id\" value=\"bad9f96\"\/>\n\t\t\t<input type=\"hidden\" name=\"referer_title\" value=\"Gikavi\" \/>\n\n\t\t\t\n\t\t\t<div class=\"elementor-form-fields-wrapper elementor-labels-above\">\n\t\t\t\t\t\t\t\t<div class=\"elementor-field-type-text elementor-field-group elementor-column elementor-field-group-name elementor-col-100\">\n\t\t\t\t\t\t\t\t\t\t\t\t<label for=\"form-field-name\" class=\"elementor-field-label\">\n\t\t\t\t\t\t\t\tNom\t\t\t\t\t\t\t<\/label>\n\t\t\t\t\t\t\t\t\t\t\t\t\t\t<input size=\"1\" type=\"text\" name=\"form_fields[name]\" id=\"form-field-name\" class=\"elementor-field elementor-size-sm  elementor-field-textual\" placeholder=\"Nom et pr\u00e9nom\">\n\t\t\t\t\t\t\t\t\t\t\t<\/div>\n\t\t\t\t\t\t\t\t<div class=\"elementor-field-type-email elementor-field-group elementor-column elementor-field-group-email elementor-col-100 elementor-field-required\">\n\t\t\t\t\t\t\t\t\t\t\t\t<label for=\"form-field-email\" class=\"elementor-field-label\">\n\t\t\t\t\t\t\t\tAdresse email \t\t\t\t\t\t\t<\/label>\n\t\t\t\t\t\t\t\t\t\t\t\t\t\t<input size=\"1\" type=\"email\" name=\"form_fields[email]\" id=\"form-field-email\" class=\"elementor-field elementor-size-sm  elementor-field-textual\" placeholder=\"email@adres.com\" required=\"required\" aria-required=\"true\">\n\t\t\t\t\t\t\t\t\t\t\t<\/div>\n\t\t\t\t\t\t\t\t<div class=\"elementor-field-type-text elementor-field-group elementor-column elementor-field-group-field_97160b7 elementor-col-100 elementor-field-required\">\n\t\t\t\t\t\t\t\t\t\t\t\t<label for=\"form-field-field_97160b7\" class=\"elementor-field-label\">\n\t\t\t\t\t\t\t\tNum\u00e9ro de t\u00e9l\u00e9phone\t\t\t\t\t\t\t<\/label>\n\t\t\t\t\t\t\t\t\t\t\t\t\t\t<input size=\"1\" type=\"text\" name=\"form_fields[field_97160b7]\" id=\"form-field-field_97160b7\" class=\"elementor-field elementor-size-sm  elementor-field-textual\" placeholder=\"XX - XX XX XX XX\" required=\"required\" aria-required=\"true\">\n\t\t\t\t\t\t\t\t\t\t\t<\/div>\n\t\t\t\t\t\t\t\t<div class=\"elementor-field-type-text elementor-field-group elementor-column elementor-field-group-field_a85e9c2 elementor-col-100\">\n\t\t\t\t\t\t\t\t\t\t\t\t<label for=\"form-field-field_a85e9c2\" class=\"elementor-field-label\">\n\t\t\t\t\t\t\t\tPays\t\t\t\t\t\t\t<\/label>\n\t\t\t\t\t\t\t\t\t\t\t\t\t\t<input size=\"1\" type=\"text\" name=\"form_fields[field_a85e9c2]\" id=\"form-field-field_a85e9c2\" class=\"elementor-field elementor-size-sm  elementor-field-textual\" placeholder=\"Dans quel pays vivez-vous ? \">\n\t\t\t\t\t\t\t\t\t\t\t<\/div>\n\t\t\t\t\t\t\t\t<div class=\"elementor-field-type-select elementor-field-group elementor-column elementor-field-group-field_0796f58 elementor-col-100\">\n\t\t\t\t\t\t\t\t\t\t\t\t<label for=\"form-field-field_0796f58\" class=\"elementor-field-label\">\n\t\t\t\t\t\t\t\tObjet\t\t\t\t\t\t\t<\/label>\n\t\t\t\t\t\t\t\t<div class=\"elementor-field elementor-select-wrapper remove-before \">\n\t\t\t<div class=\"select-caret-down-wrapper\">\n\t\t\t\t<svg aria-hidden=\"true\" class=\"e-font-icon-svg e-eicon-caret-down\" viewBox=\"0 0 571.4 571.4\" xmlns=\"http:\/\/www.w3.org\/2000\/svg\"><path d=\"M571 393Q571 407 561 418L311 668Q300 679 286 679T261 668L11 418Q0 407 0 393T11 368 36 357H536Q550 357 561 368T571 393Z\"><\/path><\/svg>\t\t\t<\/div>\n\t\t\t<select name=\"form_fields[field_0796f58]\" id=\"form-field-field_0796f58\" class=\"elementor-field-textual elementor-size-sm\">\n\t\t\t\t\t\t\t\t\t<option value=\"Planifier une consultation gratuite\">Planifier une consultation gratuite<\/option>\n\t\t\t\t\t\t\t\t\t<option value=\"Commandes et paiement\">Commandes et paiement<\/option>\n\t\t\t\t\t\t\t\t\t<option value=\"Livraisons, Retours et annulation\">Livraisons, Retours et annulation<\/option>\n\t\t\t\t\t\t\t\t\t<option value=\"Modifier les donn\u00e9es\">Modifier les donn\u00e9es<\/option>\n\t\t\t\t\t\t\t\t\t<option value=\"Mon Gikavi\">Mon Gikavi<\/option>\n\t\t\t\t\t\t\t\t\t<option value=\"A propos des produits Gikavi\">A propos des produits Gikavi<\/option>\n\t\t\t\t\t\t\t\t\t<option value=\"Conseils pour l\u2019utilisation de Multis\">Conseils pour l\u2019utilisation de Multis<\/option>\n\t\t\t\t\t\t\t\t\t<option value=\"Autre\">Autre<\/option>\n\t\t\t\t\t\t\t<\/select>\n\t\t<\/div>\n\t\t\t\t\t\t<\/div>\n\t\t\t\t\t\t\t\t<div class=\"elementor-field-type-textarea elementor-field-group elementor-column elementor-field-group-message elementor-col-100\">\n\t\t\t\t\t\t\t\t\t\t\t\t<label for=\"form-field-message\" class=\"elementor-field-label\">\n\t\t\t\t\t\t\t\tMessage\t\t\t\t\t\t\t<\/label>\n\t\t\t\t\t\t<textarea class=\"elementor-field-textual elementor-field  elementor-size-sm\" name=\"form_fields[message]\" id=\"form-field-message\" rows=\"5\" placeholder=\"Ecrivez votre message ici\"><\/textarea>\t\t\t\t<\/div>\n\t\t\t\t\t\t\t\t<div class=\"elementor-field-group elementor-column elementor-field-type-submit elementor-col-100 e-form__buttons\">\n\t\t\t\t\t<button type=\"submit\" class=\"elementor-button elementor-size-lg\">\n\t\t\t\t\t\t<span >\n\t\t\t\t\t\t\t\t\t\t\t\t\t\t\t<span class=\" elementor-button-icon\">\n\t\t\t\t\t\t\t\t\t\t\t\t\t\t\t\t\t\t\t\t\t\t\t\t\t\t<\/span>\n\t\t\t\t\t\t\t\t\t\t\t\t\t\t\t\t\t\t\t\t\t\t<span class=\"elementor-button-text\">Envoyer<\/span>\n\t\t\t\t\t\t\t\t\t\t\t\t\t<\/span>\n\t\t\t\t\t<\/button>\n\t\t\t\t<\/div>\n\t\t\t<\/div>\n\t\t<\/form>\n\t\t\t\t<\/div>\n\t\t\t\t<\/div>\n\t\t\t\t<section class=\"elementor-section elementor-inner-section elementor-element elementor-element-93980c3 elementor-section-boxed elementor-section-height-default elementor-section-height-default\" data-id=\"93980c3\" data-element_type=\"section\">\n\t\t\t\t\t\t<div class=\"elementor-container elementor-column-gap-default\">\n\t\t\t\t\t<div class=\"elementor-column elementor-col-50 elementor-inner-column elementor-element elementor-element-c221bec\" data-id=\"c221bec\" data-element_type=\"column\">\n\t\t\t<div class=\"elementor-widget-wrap elementor-element-populated\">\n\t\t\t\t\t\t<div class=\"elementor-element elementor-element-ca858e7 elementor-widget elementor-widget-heading\" data-id=\"ca858e7\" data-element_type=\"widget\" data-widget_type=\"heading.default\">\n\t\t\t\t<div class=\"elementor-widget-container\">\n\t\t\t<h3 class=\"elementor-heading-title elementor-size-default\">Vous pr\u00e9f\u00e9rez nous contacter par t\u00e9l\u00e9phone ?<\/h3>\t\t<\/div>\n\t\t\t\t<\/div>\n\t\t\t\t<div class=\"elementor-element elementor-element-82085b1 elementor-widget elementor-widget-text-editor\" data-id=\"82085b1\" data-element_type=\"widget\" data-widget_type=\"text-editor.default\">\n\t\t\t\t<div class=\"elementor-widget-container\">\n\t\t\t\t\t\t\t<p><b><span data-contrast=\"auto\">Disponible :\u00a0<\/span><\/b><span data-contrast=\"auto\">Du lundi au vendredi, de 09h00 \u00e0 12h00<\/span><span data-ccp-props=\"{}\">\u00a0<br \/><\/span><b><span data-contrast=\"auto\">T\u00e9l\u00e9phone :\u00a0<\/span><\/b>0033 186 477 262<span class=\"Apple-converted-space\">\u00a0<\/span><\/p><p><b><\/b><span data-contrast=\"auto\">\u00a0<\/span><span data-ccp-props=\"{}\">\u00a0<\/span><\/p>\t\t\t\t\t\t<\/div>\n\t\t\t\t<\/div>\n\t\t\t\t\t<\/div>\n\t\t<\/div>\n\t\t\t\t<div class=\"elementor-column elementor-col-50 elementor-inner-column elementor-element elementor-element-3169db2\" data-id=\"3169db2\" data-element_type=\"column\">\n\t\t\t<div class=\"elementor-widget-wrap elementor-element-populated\">\n\t\t\t\t\t\t<div class=\"elementor-element elementor-element-63d88f8 elementor-widget elementor-widget-image\" data-id=\"63d88f8\" data-element_type=\"widget\" data-widget_type=\"image.default\">\n\t\t\t\t<div class=\"elementor-widget-container\">\n\t\t\t\t\t\t\t\t\t\t\t\t\t<img decoding=\"async\" width=\"1024\" height=\"1024\" src=\"https:\/\/gikavi.com\/app\/uploads\/2021\/10\/berg_gikavigikavi_multi_supplementen.png\" class=\"attachment-large size-large wp-image-1751\" alt=\"\" \/>\t\t\t\t\t\t\t\t\t\t\t\t\t<\/div>\n\t\t\t\t<\/div>\n\t\t\t\t\t<\/div>\n\t\t<\/div>\n\t\t\t\t\t<\/div>\n\t\t<\/section>\n\t\t\t\t\t<\/div>\n\t\t<\/div>\n\t\t\t\t\t<\/div>\n\t\t<\/section>\n\t\t\t\t<\/div>\n\t\t","protected":false},"excerpt":{"rendered":"<p>Nous vous proposons notre aide \u00a0Afin de vous venir en aide, nous avons\u00a0pris soin de r\u00e9pondre \u00e0 un certain nombre de questions sur la page FAQ.\u00a0Vous avez\u00a0une autre question ? Sachez que notre groupe de di\u00e9t\u00e9ticiens(nes)- nutritionnistes et de professionnels se feront un r\u00e9el plaisir de vous aider.\u00a0Notre exp\u00e9rience nous permet de vous fournir une&hellip;&nbsp;<a href=\"https:\/\/gikavi.com\/fr\/service-client\/\" rel=\"bookmark\">Read More &raquo;<span class=\"screen-reader-text\">Service client<\/span><\/a><\/p>\n","protected":false},"author":21,"featured_media":0,"parent":0,"menu_order":0,"comment_status":"closed","ping_status":"closed","template":"page-templates\/template-pagebuilder-full-width.php","meta":{"_acf_changed":false,"neve_meta_sidebar":"","neve_meta_container":"","neve_meta_enable_content_width":"","neve_meta_content_width":0,"neve_meta_title_alignment":"","neve_meta_author_avatar":"","neve_post_elements_order":"","neve_meta_disable_header":"","neve_meta_disable_footer":"","neve_meta_disable_title":"","footnotes":""},"class_list":["post-2912","page","type-page","status-publish","hentry"],"acf":[],"yoast_head":"<!-- This site is optimized with the Yoast SEO plugin v27.1.1 - https:\/\/yoast.com\/product\/yoast-seo-wordpress\/ -->\n<title>Service client | Nos sp\u00e9cialistes en nutrition sont heureux de vous aider<\/title>\n<meta name=\"description\" content=\"Vous \u00eates confront\u00e9 \u00e0 une question concernant vos produits compl\u00e9mentaires ou \u00e0 propos de votre commande ? Appelez le 0031 10 309 1800.\" \/>\n<meta name=\"robots\" content=\"index, follow, max-snippet:-1, max-image-preview:large, max-video-preview:-1\" \/>\n<link rel=\"canonical\" href=\"https:\/\/gikavi.com\/fr\/service-client\/\" \/>\n<meta property=\"og:locale\" content=\"fr_FR\" \/>\n<meta property=\"og:type\" content=\"article\" \/>\n<meta property=\"og:title\" content=\"Service client | Nos sp\u00e9cialistes en nutrition sont heureux de vous aider\" \/>\n<meta property=\"og:description\" content=\"Vous \u00eates confront\u00e9 \u00e0 une question concernant vos produits compl\u00e9mentaires ou \u00e0 propos de votre commande ? Appelez le 0031 10 309 1800.\" \/>\n<meta property=\"og:url\" content=\"https:\/\/gikavi.com\/fr\/service-client\/\" \/>\n<meta property=\"og:site_name\" content=\"Gikavi\" \/>\n<meta property=\"article:modified_time\" content=\"2022-03-02T10:47:50+00:00\" \/>\n<meta property=\"og:image\" content=\"https:\/\/gikavi.com\/app\/uploads\/2021\/10\/gikavi_gikavi_multi_supplementen.png\" \/>\n<meta name=\"twitter:card\" content=\"summary_large_image\" \/>\n<meta name=\"twitter:label1\" content=\"Est. reading time\" \/>\n\t<meta name=\"twitter:data1\" content=\"2 minutes\" \/>\n<script type=\"application\/ld+json\" class=\"yoast-schema-graph\">{\"@context\":\"https:\/\/schema.org\",\"@graph\":[{\"@type\":\"WebPage\",\"@id\":\"https:\/\/gikavi.com\/fr\/service-client\/\",\"url\":\"https:\/\/gikavi.com\/fr\/service-client\/\",\"name\":\"Service client | Nos sp\u00e9cialistes en nutrition sont heureux de vous aider\",\"isPartOf\":{\"@id\":\"https:\/\/gikavi.com\/#website\"},\"primaryImageOfPage\":{\"@id\":\"https:\/\/gikavi.com\/fr\/service-client\/#primaryimage\"},\"image\":{\"@id\":\"https:\/\/gikavi.com\/fr\/service-client\/#primaryimage\"},\"thumbnailUrl\":\"https:\/\/gikavi.com\/app\/uploads\/2021\/10\/gikavi_gikavi_multi_supplementen.png\",\"datePublished\":\"2021-10-20T12:58:37+00:00\",\"dateModified\":\"2022-03-02T10:47:50+00:00\",\"description\":\"Vous \u00eates confront\u00e9 \u00e0 une question concernant vos produits compl\u00e9mentaires ou \u00e0 propos de votre commande ? Appelez le 0031 10 309 1800.\",\"breadcrumb\":{\"@id\":\"https:\/\/gikavi.com\/fr\/service-client\/#breadcrumb\"},\"inLanguage\":\"fr-FR\",\"potentialAction\":[{\"@type\":\"ReadAction\",\"target\":[\"https:\/\/gikavi.com\/fr\/service-client\/\"]}]},{\"@type\":\"ImageObject\",\"inLanguage\":\"fr-FR\",\"@id\":\"https:\/\/gikavi.com\/fr\/service-client\/#primaryimage\",\"url\":\"https:\/\/gikavi.com\/app\/uploads\/2021\/10\/gikavi_gikavi_multi_supplementen.png\",\"contentUrl\":\"https:\/\/gikavi.com\/app\/uploads\/2021\/10\/gikavi_gikavi_multi_supplementen.png\"},{\"@type\":\"BreadcrumbList\",\"@id\":\"https:\/\/gikavi.com\/fr\/service-client\/#breadcrumb\",\"itemListElement\":[{\"@type\":\"ListItem\",\"position\":1,\"name\":\"Home\",\"item\":\"https:\/\/gikavi.com\/nl\/\"},{\"@type\":\"ListItem\",\"position\":2,\"name\":\"Service client\"}]},{\"@type\":\"WebSite\",\"@id\":\"https:\/\/gikavi.com\/#website\",\"url\":\"https:\/\/gikavi.com\/\",\"name\":\"Gikavi\",\"description\":\"Supportive Supplements\",\"publisher\":{\"@id\":\"https:\/\/gikavi.com\/#organization\"},\"potentialAction\":[{\"@type\":\"SearchAction\",\"target\":{\"@type\":\"EntryPoint\",\"urlTemplate\":\"https:\/\/gikavi.com\/?s={search_term_string}\"},\"query-input\":{\"@type\":\"PropertyValueSpecification\",\"valueRequired\":true,\"valueName\":\"search_term_string\"}}],\"inLanguage\":\"fr-FR\"},{\"@type\":\"Organization\",\"@id\":\"https:\/\/gikavi.com\/#organization\",\"name\":\"Gikavi\",\"url\":\"https:\/\/gikavi.com\/\",\"logo\":{\"@type\":\"ImageObject\",\"inLanguage\":\"fr-FR\",\"@id\":\"https:\/\/gikavi.com\/#\/schema\/logo\/image\/\",\"url\":\"https:\/\/gikavi.com\/app\/uploads\/2021\/09\/Gikavi_Logo_BLACK.png\",\"contentUrl\":\"https:\/\/gikavi.com\/app\/uploads\/2021\/09\/Gikavi_Logo_BLACK.png\",\"width\":2592,\"height\":1053,\"caption\":\"Gikavi\"},\"image\":{\"@id\":\"https:\/\/gikavi.com\/#\/schema\/logo\/image\/\"}}]}<\/script>\n<!-- \/ Yoast SEO plugin. -->","yoast_head_json":{"title":"Service client | Nos sp\u00e9cialistes en nutrition sont heureux de vous aider","description":"Vous \u00eates confront\u00e9 \u00e0 une question concernant vos produits compl\u00e9mentaires ou \u00e0 propos de votre commande ? Appelez le 0031 10 309 1800.","robots":{"index":"index","follow":"follow","max-snippet":"max-snippet:-1","max-image-preview":"max-image-preview:large","max-video-preview":"max-video-preview:-1"},"canonical":"https:\/\/gikavi.com\/fr\/service-client\/","og_locale":"fr_FR","og_type":"article","og_title":"Service client | Nos sp\u00e9cialistes en nutrition sont heureux de vous aider","og_description":"Vous \u00eates confront\u00e9 \u00e0 une question concernant vos produits compl\u00e9mentaires ou \u00e0 propos de votre commande ? Appelez le 0031 10 309 1800.","og_url":"https:\/\/gikavi.com\/fr\/service-client\/","og_site_name":"Gikavi","article_modified_time":"2022-03-02T10:47:50+00:00","og_image":[{"url":"https:\/\/gikavi.com\/app\/uploads\/2021\/10\/gikavi_gikavi_multi_supplementen.png","type":"","width":"","height":""}],"twitter_card":"summary_large_image","twitter_misc":{"Est. reading time":"2 minutes"},"schema":{"@context":"https:\/\/schema.org","@graph":[{"@type":"WebPage","@id":"https:\/\/gikavi.com\/fr\/service-client\/","url":"https:\/\/gikavi.com\/fr\/service-client\/","name":"Service client | Nos sp\u00e9cialistes en nutrition sont heureux de vous aider","isPartOf":{"@id":"https:\/\/gikavi.com\/#website"},"primaryImageOfPage":{"@id":"https:\/\/gikavi.com\/fr\/service-client\/#primaryimage"},"image":{"@id":"https:\/\/gikavi.com\/fr\/service-client\/#primaryimage"},"thumbnailUrl":"https:\/\/gikavi.com\/app\/uploads\/2021\/10\/gikavi_gikavi_multi_supplementen.png","datePublished":"2021-10-20T12:58:37+00:00","dateModified":"2022-03-02T10:47:50+00:00","description":"Vous \u00eates confront\u00e9 \u00e0 une question concernant vos produits compl\u00e9mentaires ou \u00e0 propos de votre commande ? Appelez le 0031 10 309 1800.","breadcrumb":{"@id":"https:\/\/gikavi.com\/fr\/service-client\/#breadcrumb"},"inLanguage":"fr-FR","potentialAction":[{"@type":"ReadAction","target":["https:\/\/gikavi.com\/fr\/service-client\/"]}]},{"@type":"ImageObject","inLanguage":"fr-FR","@id":"https:\/\/gikavi.com\/fr\/service-client\/#primaryimage","url":"https:\/\/gikavi.com\/app\/uploads\/2021\/10\/gikavi_gikavi_multi_supplementen.png","contentUrl":"https:\/\/gikavi.com\/app\/uploads\/2021\/10\/gikavi_gikavi_multi_supplementen.png"},{"@type":"BreadcrumbList","@id":"https:\/\/gikavi.com\/fr\/service-client\/#breadcrumb","itemListElement":[{"@type":"ListItem","position":1,"name":"Home","item":"https:\/\/gikavi.com\/nl\/"},{"@type":"ListItem","position":2,"name":"Service client"}]},{"@type":"WebSite","@id":"https:\/\/gikavi.com\/#website","url":"https:\/\/gikavi.com\/","name":"Gikavi","description":"Supportive Supplements","publisher":{"@id":"https:\/\/gikavi.com\/#organization"},"potentialAction":[{"@type":"SearchAction","target":{"@type":"EntryPoint","urlTemplate":"https:\/\/gikavi.com\/?s={search_term_string}"},"query-input":{"@type":"PropertyValueSpecification","valueRequired":true,"valueName":"search_term_string"}}],"inLanguage":"fr-FR"},{"@type":"Organization","@id":"https:\/\/gikavi.com\/#organization","name":"Gikavi","url":"https:\/\/gikavi.com\/","logo":{"@type":"ImageObject","inLanguage":"fr-FR","@id":"https:\/\/gikavi.com\/#\/schema\/logo\/image\/","url":"https:\/\/gikavi.com\/app\/uploads\/2021\/09\/Gikavi_Logo_BLACK.png","contentUrl":"https:\/\/gikavi.com\/app\/uploads\/2021\/09\/Gikavi_Logo_BLACK.png","width":2592,"height":1053,"caption":"Gikavi"},"image":{"@id":"https:\/\/gikavi.com\/#\/schema\/logo\/image\/"}}]}},"_links":{"self":[{"href":"https:\/\/gikavi.com\/fr\/wp-json\/wp\/v2\/pages\/2912","targetHints":{"allow":["GET"]}}],"collection":[{"href":"https:\/\/gikavi.com\/fr\/wp-json\/wp\/v2\/pages"}],"about":[{"href":"https:\/\/gikavi.com\/fr\/wp-json\/wp\/v2\/types\/page"}],"author":[{"embeddable":true,"href":"https:\/\/gikavi.com\/fr\/wp-json\/wp\/v2\/users\/21"}],"replies":[{"embeddable":true,"href":"https:\/\/gikavi.com\/fr\/wp-json\/wp\/v2\/comments?post=2912"}],"version-history":[{"count":0,"href":"https:\/\/gikavi.com\/fr\/wp-json\/wp\/v2\/pages\/2912\/revisions"}],"wp:attachment":[{"href":"https:\/\/gikavi.com\/fr\/wp-json\/wp\/v2\/media?parent=2912"}],"curies":[{"name":"wp","href":"https:\/\/api.w.org\/{rel}","templated":true}]}}